{"id":3842,"date":"2025-06-17T20:13:03","date_gmt":"2025-06-17T18:13:03","guid":{"rendered":"https:\/\/www.ondasummercontest.com\/?page_id=3842"},"modified":"2025-06-20T18:42:47","modified_gmt":"2025-06-20T16:42:47","slug":"faq","status":"publish","type":"page","link":"https:\/\/www.ondasummercontest.com\/index.php\/faq\/","title":{"rendered":"FAQ"},"content":{"rendered":"<div class=\"wpb-content-wrapper\"><div class=\"vc_row wpb_row vc_row-fluid\" ><div class=\"wpb_column vc_column_container vc_col-sm-12\"><div class=\"vc_column-inner\"><div class=\"wpb_wrapper\">\n\t<div  class=\"wpb_single_image wpb_content_element vc_align_center wpb_content_element\">\n\t\t\n\t\t<figure class=\"wpb_wrapper vc_figure\">\n\t\t\t<div class=\"vc_single_image-wrapper   vc_box_border_grey\"><img loading=\"lazy\" decoding=\"async\" width=\"1600\" height=\"450\" src=\"https:\/\/www.ondasummercontest.com\/wp-content\/uploads\/2025\/06\/bannew-web-v2.jpeg\" class=\"vc_single_image-img attachment-full\" alt=\"\" title=\"bannew web v2\" srcset=\"https:\/\/www.ondasummercontest.com\/wp-content\/uploads\/2025\/06\/bannew-web-v2.jpeg 1600w, https:\/\/www.ondasummercontest.com\/wp-content\/uploads\/2025\/06\/bannew-web-v2-300x84.jpeg 300w, https:\/\/www.ondasummercontest.com\/wp-content\/uploads\/2025\/06\/bannew-web-v2-1024x288.jpeg 1024w, https:\/\/www.ondasummercontest.com\/wp-content\/uploads\/2025\/06\/bannew-web-v2-768x216.jpeg 768w, https:\/\/www.ondasummercontest.com\/wp-content\/uploads\/2025\/06\/bannew-web-v2-1536x432.jpeg 1536w, https:\/\/www.ondasummercontest.com\/wp-content\/uploads\/2025\/06\/bannew-web-v2-18x5.jpeg 18w\" sizes=\"auto, (max-width: 1600px) 100vw, 1600px\" \/><\/div>\n\t\t<\/figure>\n\t<\/div>\n<\/div><\/div><\/div><\/div><div class=\"vc_row wpb_row vc_row-fluid vc_custom_1750186006710\" ><div class=\"wpb_column vc_column_container vc_col-sm-12\"><div class=\"vc_column-inner\"><div class=\"wpb_wrapper\">\n\t<div class=\"wpb_text_column wpb_content_element vc_custom_1750185382543\" >\n\t\t<div class=\"wpb_wrapper\">\n\t\t\t<h4><strong>Preguntas Generales<\/strong><\/h4>\n\n\t\t<\/div>\n\t<\/div>\n<div class=\"qodef-accordion-holder qodef-ac-default  qodef-accordion qodef-ac-boxed clearfix\">\n\t<h5 class=\"qodef-accordion-title\">\n    <span class=\"qodef-accordion-mark\">\n\t\t<span class=\"qodef_icon_plus icon_plus\"><\/span>\n\t\t<span class=\"qodef_icon_close icon_close\"><\/span>\n\t<\/span>\n\t<span class=\"qodef-tab-title\">Cu\u00e1nto cuesta participar?<\/span>\n<\/h5>\n<div class=\"qodef-accordion-content\">\n\t<div class=\"qodef-accordion-content-inner\">\n\t\t\n\t<div class=\"wpb_text_column wpb_content_element\" >\n\t\t<div class=\"wpb_wrapper\">\n\t\t\t<ul>\n<li>15\u202f\u20ac si compites en un solo evento.<\/li>\n<li>20\u202f\u20ac si compites en todo (prepago online)<\/li>\n<li>25\u202f\u20ac si pagas all\u00ed el mismo d\u00eda<\/li>\n<\/ul>\n\n\t\t<\/div>\n\t<\/div>\n\t<\/div>\n<\/div><h5 class=\"qodef-accordion-title\">\n    <span class=\"qodef-accordion-mark\">\n\t\t<span class=\"qodef_icon_plus icon_plus\"><\/span>\n\t\t<span class=\"qodef_icon_close icon_close\"><\/span>\n\t<\/span>\n\t<span class=\"qodef-tab-title\">Qu\u00e9 incluye la inscripci\u00f3n?<\/span>\n<\/h5>\n<div class=\"qodef-accordion-content\">\n\t<div class=\"qodef-accordion-content-inner\">\n\t\t\n\t<div class=\"wpb_text_column wpb_content_element\" >\n\t\t<div class=\"wpb_wrapper\">\n\t\t\t<p>Acceso a las competiciones, actividades paralelas, y si est\u00e1s entre los <strong>primeros 80 inscritos<\/strong>, te llevas una <strong>camiseta oficial<\/strong> del evento.<\/p>\n\n\t\t<\/div>\n\t<\/div>\n\t<\/div>\n<\/div><h5 class=\"qodef-accordion-title\">\n    <span class=\"qodef-accordion-mark\">\n\t\t<span class=\"qodef_icon_plus icon_plus\"><\/span>\n\t\t<span class=\"qodef_icon_close icon_close\"><\/span>\n\t<\/span>\n\t<span class=\"qodef-tab-title\">D\u00f3nde me inscribo?<\/span>\n<\/h5>\n<div class=\"qodef-accordion-content\">\n\t<div class=\"qodef-accordion-content-inner\">\n\t\t\n\t<div class=\"wpb_text_column wpb_content_element\" >\n\t\t<div class=\"wpb_wrapper\">\n\t\t\t<p>En nuestra web o redes encontrar\u00e1s el link de inscripci\u00f3n online. Tambi\u00e9n puedes inscribirte in situ, pero te saldr\u00e1 un poco m\u00e1s caro.<\/p>\n\n\t\t<\/div>\n\t<\/div>\n\t<\/div>\n<\/div><h5 class=\"qodef-accordion-title\">\n    <span class=\"qodef-accordion-mark\">\n\t\t<span class=\"qodef_icon_plus icon_plus\"><\/span>\n\t\t<span class=\"qodef_icon_close icon_close\"><\/span>\n\t<\/span>\n\t<span class=\"qodef-tab-title\">Hay seguro de accidentes?<\/span>\n<\/h5>\n<div class=\"qodef-accordion-content\">\n\t<div class=\"qodef-accordion-content-inner\">\n\t\t\n\t<div class=\"wpb_text_column wpb_content_element\" >\n\t\t<div class=\"wpb_wrapper\">\n\t\t\t<p>S\u00ed, contamos con un seguro privado para todos nuestros participantes y un servicio de ambulancia.<\/p>\n\n\t\t<\/div>\n\t<\/div>\n\t<\/div>\n<\/div><h5 class=\"qodef-accordion-title\">\n    <span class=\"qodef-accordion-mark\">\n\t\t<span class=\"qodef_icon_plus icon_plus\"><\/span>\n\t\t<span class=\"qodef_icon_close icon_close\"><\/span>\n\t<\/span>\n\t<span class=\"qodef-tab-title\">Qu\u00e9 categor\u00edas hay?<\/span>\n<\/h5>\n<div class=\"qodef-accordion-content\">\n\t<div class=\"qodef-accordion-content-inner\">\n\t\t\n\t<div class=\"wpb_text_column wpb_content_element\" >\n\t\t<div class=\"wpb_wrapper\">\n\t\t\t<ul>\n<li><strong>U10<\/strong> (hasta 10 a\u00f1os)<\/li>\n<li><strong>U14<\/strong> (hasta 14 a\u00f1os)<\/li>\n<li><strong>U19<\/strong> (hasta 19 a\u00f1os)<\/li>\n<li><strong>PRO \u2013 Best Tricks<\/strong> (nivel alto)<\/li>\n<li><strong>VETERANS <\/strong>(+30 a\u00f1os con rodillas valientes)<\/li>\n<\/ul>\n\n\t\t<\/div>\n\t<\/div>\n\t<\/div>\n<\/div><h5 class=\"qodef-accordion-title\">\n    <span class=\"qodef-accordion-mark\">\n\t\t<span class=\"qodef_icon_plus icon_plus\"><\/span>\n\t\t<span class=\"qodef_icon_close icon_close\"><\/span>\n\t<\/span>\n\t<span class=\"qodef-tab-title\">Puedo participar si soy principiante?<\/span>\n<\/h5>\n<div class=\"qodef-accordion-content\">\n\t<div class=\"qodef-accordion-content-inner\">\n\t\t\n\t<div class=\"wpb_text_column wpb_content_element\" >\n\t\t<div class=\"wpb_wrapper\">\n\t\t\t<p>\u00a1Por supuesto! Hay sesiones para todos los niveles, y lo importante es disfrutar del ambiente y del espect\u00e1culo.<\/p>\n\n\t\t<\/div>\n\t<\/div>\n\t<\/div>\n<\/div><h5 class=\"qodef-accordion-title\">\n    <span class=\"qodef-accordion-mark\">\n\t\t<span class=\"qodef_icon_plus icon_plus\"><\/span>\n\t\t<span class=\"qodef_icon_close icon_close\"><\/span>\n\t<\/span>\n\t<span class=\"qodef-tab-title\">Qu\u00e9 premios hay para los ganadores?<\/span>\n<\/h5>\n<div class=\"qodef-accordion-content\">\n\t<div class=\"qodef-accordion-content-inner\">\n\t\t\n\t<div class=\"wpb_text_column wpb_content_element\" >\n\t\t<div class=\"wpb_wrapper\">\n\t\t\t<p>Premios en met\u00e1lico, material de patinaje, regalos de patrocinadores y, por supuesto, la gloria de ser leyenda en el Onda Summer. Los premios entre las categor\u00edas masculinas y femeninas ser\u00e1n iguales y equitativos.<\/p>\n\n\t\t<\/div>\n\t<\/div>\n\t<\/div>\n<\/div><h5 class=\"qodef-accordion-title\">\n    <span class=\"qodef-accordion-mark\">\n\t\t<span class=\"qodef_icon_plus icon_plus\"><\/span>\n\t\t<span class=\"qodef_icon_close icon_close\"><\/span>\n\t<\/span>\n\t<span class=\"qodef-tab-title\">C\u00f3mo funciona el sistema de puntuaci\u00f3n?<\/span>\n<\/h5>\n<div class=\"qodef-accordion-content\">\n\t<div class=\"qodef-accordion-content-inner\">\n\t\t\n\t<div class=\"wpb_text_column wpb_content_element\" >\n\t\t<div class=\"wpb_wrapper\">\n\t\t\t<ul>\n<li>Depende del evento: algunos se valoran con jueces.<\/li>\n<li>En el formato WRS se puntuar\u00e1 cada truco y se sumar\u00e1n todas las rondas.<\/li>\n<li>En el formato de Best Tricks se puntuar\u00e1 cada truco del 1 al 10.<\/li>\n<\/ul>\n\n\t\t<\/div>\n\t<\/div>\n\t<\/div>\n<\/div><h5 class=\"qodef-accordion-title\">\n    <span class=\"qodef-accordion-mark\">\n\t\t<span class=\"qodef_icon_plus icon_plus\"><\/span>\n\t\t<span class=\"qodef_icon_close icon_close\"><\/span>\n\t<\/span>\n\t<span class=\"qodef-tab-title\">Qu\u00e9 es el formato WRS?<\/span>\n<\/h5>\n<div class=\"qodef-accordion-content\">\n\t<div class=\"qodef-accordion-content-inner\">\n\t\t\n\t<div class=\"wpb_text_column wpb_content_element\" >\n\t\t<div class=\"wpb_wrapper\">\n\t\t\t<p>Es un cl\u00e1sico. Cada rider hace <strong>4 salidas<\/strong>, cada una dura <strong>hasta 30 segundos<\/strong> o hasta que te caigas, te canses o pierdas flow. \u00a1Cuando acabas, entra el siguiente! Se eval\u00faa consistencia, t\u00e9cnica y estilo.<\/p>\n\n\t\t<\/div>\n\t<\/div>\n\t<\/div>\n<\/div><h5 class=\"qodef-accordion-title\">\n    <span class=\"qodef-accordion-mark\">\n\t\t<span class=\"qodef_icon_plus icon_plus\"><\/span>\n\t\t<span class=\"qodef_icon_close icon_close\"><\/span>\n\t<\/span>\n\t<span class=\"qodef-tab-title\">Qu\u00e9 es el formato All In - Best Trick Series?<\/span>\n<\/h5>\n<div class=\"qodef-accordion-content\">\n\t<div class=\"qodef-accordion-content-inner\">\n\t\t\n\t<div class=\"wpb_text_column wpb_content_element\" >\n\t\t<div class=\"wpb_wrapper\">\n\t\t\t<p>Aqu\u00ed prima el espect\u00e1culo. Vas saliendo a tirar tus <strong>mejores trucos individuales<\/strong>. Cada truco suma puntos. Ideal para lucirse y arrancar gritos del p\u00fablico.<\/p>\n\n\t\t<\/div>\n\t<\/div>\n\t<\/div>\n<\/div><h5 class=\"qodef-accordion-title\">\n    <span class=\"qodef-accordion-mark\">\n\t\t<span class=\"qodef_icon_plus icon_plus\"><\/span>\n\t\t<span class=\"qodef_icon_close icon_close\"><\/span>\n\t<\/span>\n\t<span class=\"qodef-tab-title\">Habr\u00e1 Paella?<\/span>\n<\/h5>\n<div class=\"qodef-accordion-content\">\n\t<div class=\"qodef-accordion-content-inner\">\n\t\t\n\t<div class=\"wpb_text_column wpb_content_element\" >\n\t\t<div class=\"wpb_wrapper\">\n\t\t\t<p><strong>Desgraciadamente este a\u00f1o no<\/strong>. Sabemos que la paella es ya casi una tradici\u00f3n, pero este a\u00f1o no podremos ofrecerla por temas log\u00edsticos. Aun as\u00ed, habr\u00e1 comida rica cerca del parque y muchos bares donde llenar el est\u00f3mago. \u00a1Volver\u00e1 en pr\u00f3ximas ediciones!<\/p>\n\n\t\t<\/div>\n\t<\/div>\n\t<\/div>\n<\/div><h5 class=\"qodef-accordion-title\">\n    <span class=\"qodef-accordion-mark\">\n\t\t<span class=\"qodef_icon_plus icon_plus\"><\/span>\n\t\t<span class=\"qodef_icon_close icon_close\"><\/span>\n\t<\/span>\n\t<span class=\"qodef-tab-title\">Habr\u00e1 Bar?<\/span>\n<\/h5>\n<div class=\"qodef-accordion-content\">\n\t<div class=\"qodef-accordion-content-inner\">\n\t\t\n\t<div class=\"wpb_text_column wpb_content_element\" >\n\t\t<div class=\"wpb_wrapper\">\n\t\t\t<p><strong>S\u00ed, claro que s\u00ed.<\/strong> Tendremos un bar en el recinto con <strong>snacks, refrescos, cerveza fr\u00eda y buen rollo<\/strong>. Adem\u00e1s, all\u00ed podr\u00e1s <strong>intercambiar tus tokens<\/strong> conseguidos durante las competiciones por consumiciones. \u00a1Un motivo m\u00e1s para tirar trucazos!<\/p>\n\n\t\t<\/div>\n\t<\/div>\n\t<\/div>\n<\/div><\/div><\/div><\/div><\/div><\/div><div class=\"vc_row wpb_row vc_row-fluid vc_custom_1750186033860\" ><div class=\"wpb_column vc_column_container vc_col-sm-12\"><div class=\"vc_column-inner\"><div class=\"wpb_wrapper\">\n\t<div class=\"wpb_text_column wpb_content_element vc_custom_1750185552826\" >\n\t\t<div class=\"wpb_wrapper\">\n\t\t\t<h4><strong>Alojamiento y Log\u00edstica<\/strong><\/h4>\n\n\t\t<\/div>\n\t<\/div>\n<div class=\"qodef-accordion-holder qodef-ac-default  qodef-accordion qodef-ac-boxed clearfix\">\n\t<h5 class=\"qodef-accordion-title\">\n    <span class=\"qodef-accordion-mark\">\n\t\t<span class=\"qodef_icon_plus icon_plus\"><\/span>\n\t\t<span class=\"qodef_icon_close icon_close\"><\/span>\n\t<\/span>\n\t<span class=\"qodef-tab-title\">Habr\u00e1 Camping?<\/span>\n<\/h5>\n<div class=\"qodef-accordion-content\">\n\t<div class=\"qodef-accordion-content-inner\">\n\t\t\n\t<div class=\"wpb_text_column wpb_content_element\" >\n\t\t<div class=\"wpb_wrapper\">\n\t\t\t<p>S\u00ed. Tendremos una <strong>zona de acampada <\/strong>junto al skatepark, con acceso a <strong>luz el\u00e9ctrica, ba\u00f1os y duchas<\/strong> del recinto. Perfecto para vivir el evento al 100%. El precio de la acampada es de 5\u20ac por persona y noche. Se puede pernoctar con autocaravana, furgonetas camperizadas o tiendas de campa\u00f1a.<\/p>\n\n\t\t<\/div>\n\t<\/div>\n\t<\/div>\n<\/div><h5 class=\"qodef-accordion-title\">\n    <span class=\"qodef-accordion-mark\">\n\t\t<span class=\"qodef_icon_plus icon_plus\"><\/span>\n\t\t<span class=\"qodef_icon_close icon_close\"><\/span>\n\t<\/span>\n\t<span class=\"qodef-tab-title\">Hay otros alojamientos cerca?<\/span>\n<\/h5>\n<div class=\"qodef-accordion-content\">\n\t<div class=\"qodef-accordion-content-inner\">\n\t\t\n\t<div class=\"wpb_text_column wpb_content_element\" >\n\t\t<div class=\"wpb_wrapper\">\n\t\t\t<p>S\u00ed, pero vuela r\u00e1pido. Recomendamos mirar hostales y hoteles en Onda o Castell\u00f3n.<\/p>\n<p>https:\/\/www.sercotelhoteles.com\/es\/hotel-plana-onda<\/p>\n<p>https:\/\/hotelonda.com<\/p>\n\n\t\t<\/div>\n\t<\/div>\n\t<\/div>\n<\/div><h5 class=\"qodef-accordion-title\">\n    <span class=\"qodef-accordion-mark\">\n\t\t<span class=\"qodef_icon_plus icon_plus\"><\/span>\n\t\t<span class=\"qodef_icon_close icon_close\"><\/span>\n\t<\/span>\n\t<span class=\"qodef-tab-title\">C\u00f3mo llegar a Onda?<\/span>\n<\/h5>\n<div class=\"qodef-accordion-content\">\n\t<div class=\"qodef-accordion-content-inner\">\n\t\t\n\t<div class=\"wpb_text_column wpb_content_element\" >\n\t\t<div class=\"wpb_wrapper\">\n\t\t\t<p>Onda est\u00e1 en la provincia de Castell\u00f3n, Comunidad Valenciana. Es f\u00e1cil llegar desde varios puntos de Espa\u00f1a:<\/p>\n<ul>\n<li><strong>\ud83d\ude97 En coche:<\/strong>\n<ul>\n<li>Desde <strong>Valencia<\/strong>: 1h aprox. por la A-7.<\/li>\n<li>Desde <strong>Castell\u00f3n<\/strong>: 25\u202fmin. por la CV-20.<\/li>\n<li>Desde <strong>Barcelona<\/strong>: 2h 30min por la AP-7.<\/li>\n<li>Desde <strong>Madrid<\/strong>: 3h 30min por la A-3 y luego A-7.<\/li>\n<\/ul>\n<\/li>\n<li><strong>\ud83d\ude86 En tren + bus:<\/strong>\n<ul>\n<li>Puedes llegar en tren hasta <strong>Castell\u00f3n de la Plana<\/strong>, que tiene buena conexi\u00f3n con Valencia y Barcelona.<\/li>\n<li>Desde Castell\u00f3n, toma un <strong>bus directo a Onda<\/strong> (empresa Hife o Autos Mediterr\u00e1neo) o comparte coche con otros riders.<\/li>\n<\/ul>\n<\/li>\n<\/ul>\n\n\t\t<\/div>\n\t<\/div>\n\t<\/div>\n<\/div><\/div><\/div><\/div><\/div><\/div><div class=\"vc_row wpb_row vc_row-fluid vc_custom_1750186044734\" ><div class=\"wpb_column vc_column_container vc_col-sm-12\"><div class=\"vc_column-inner\"><div class=\"wpb_wrapper\">\n\t<div class=\"wpb_text_column wpb_content_element vc_custom_1750185707649\" >\n\t\t<div class=\"wpb_wrapper\">\n\t\t\t<h4><strong>Servicios Pr\u00e1cticos<\/strong><\/h4>\n\n\t\t<\/div>\n\t<\/div>\n<div class=\"qodef-accordion-holder qodef-ac-default  qodef-accordion qodef-ac-boxed clearfix\">\n\t<h5 class=\"qodef-accordion-title\">\n    <span class=\"qodef-accordion-mark\">\n\t\t<span class=\"qodef_icon_plus icon_plus\"><\/span>\n\t\t<span class=\"qodef_icon_close icon_close\"><\/span>\n\t<\/span>\n\t<span class=\"qodef-tab-title\">Supermercados Cercanos<\/span>\n<\/h5>\n<div class=\"qodef-accordion-content\">\n\t<div class=\"qodef-accordion-content-inner\">\n\t\t\n\t<div class=\"wpb_text_column wpb_content_element\" >\n\t\t<div class=\"wpb_wrapper\">\n\t\t\t<p>Hay varios: Mercadona, Consum, Charter\u2026 todos a menos de 10 min del skatepark.<\/p>\n\n\t\t<\/div>\n\t<\/div>\n\t<\/div>\n<\/div><h5 class=\"qodef-accordion-title\">\n    <span class=\"qodef-accordion-mark\">\n\t\t<span class=\"qodef_icon_plus icon_plus\"><\/span>\n\t\t<span class=\"qodef_icon_close icon_close\"><\/span>\n\t<\/span>\n\t<span class=\"qodef-tab-title\">Farmacias<\/span>\n<\/h5>\n<div class=\"qodef-accordion-content\">\n\t<div class=\"qodef-accordion-content-inner\">\n\t\t\n\t<div class=\"wpb_text_column wpb_content_element\" >\n\t\t<div class=\"wpb_wrapper\">\n\t\t\t<p>Por si necesitas algo r\u00e1pido. Las m\u00e1s cercanas est\u00e1n en el centro de Onda.<\/p>\n\n\t\t<\/div>\n\t<\/div>\n\t<\/div>\n<\/div><\/div><\/div><\/div><\/div><\/div><div class=\"vc_row wpb_row vc_row-fluid vc_custom_1750186054471\" ><div class=\"wpb_column vc_column_container vc_col-sm-12\"><div class=\"vc_column-inner\"><div class=\"wpb_wrapper\">\n\t<div class=\"wpb_text_column wpb_content_element vc_custom_1750185808141\" >\n\t\t<div class=\"wpb_wrapper\">\n\t\t\t<h4><strong>Asistencia y Ambiente<\/strong><\/h4>\n\n\t\t<\/div>\n\t<\/div>\n<div class=\"qodef-accordion-holder qodef-ac-default  qodef-accordion qodef-ac-boxed clearfix\">\n\t<h5 class=\"qodef-accordion-title\">\n    <span class=\"qodef-accordion-mark\">\n\t\t<span class=\"qodef_icon_plus icon_plus\"><\/span>\n\t\t<span class=\"qodef_icon_close icon_close\"><\/span>\n\t<\/span>\n\t<span class=\"qodef-tab-title\">Hay que patinar para venir?<\/span>\n<\/h5>\n<div class=\"qodef-accordion-content\">\n\t<div class=\"qodef-accordion-content-inner\">\n\t\t\n\t<div class=\"wpb_text_column wpb_content_element\" >\n\t\t<div class=\"wpb_wrapper\">\n\t\t\t<p>\u00a1No! Puedes venir como espectador\/a, animar, bailar con los DJ sets, beber algo fresquito y disfrutar del ambientazo.<\/p>\n\n\t\t<\/div>\n\t<\/div>\n\t<\/div>\n<\/div><h5 class=\"qodef-accordion-title\">\n    <span class=\"qodef-accordion-mark\">\n\t\t<span class=\"qodef_icon_plus icon_plus\"><\/span>\n\t\t<span class=\"qodef_icon_close icon_close\"><\/span>\n\t<\/span>\n\t<span class=\"qodef-tab-title\">Puedo venir con mi familia o mascotas?<\/span>\n<\/h5>\n<div class=\"qodef-accordion-content\">\n\t<div class=\"qodef-accordion-content-inner\">\n\t\t\n\t<div class=\"wpb_text_column wpb_content_element\" >\n\t\t<div class=\"wpb_wrapper\">\n\t\t\t<p>S\u00ed, el evento es apto para todos los p\u00fablicos. Si traes mascotas, que est\u00e9n controladas y atadas, \u00a1que no se nos metan en la pista!<\/p>\n\n\t\t<\/div>\n\t<\/div>\n\t<\/div>\n<\/div><h5 class=\"qodef-accordion-title\">\n    <span class=\"qodef-accordion-mark\">\n\t\t<span class=\"qodef_icon_plus icon_plus\"><\/span>\n\t\t<span class=\"qodef_icon_close icon_close\"><\/span>\n\t<\/span>\n\t<span class=\"qodef-tab-title\">C\u00f3mo funciona el sistema de puntuaci\u00f3n?<\/span>\n<\/h5>\n<div class=\"qodef-accordion-content\">\n\t<div class=\"qodef-accordion-content-inner\">\n\t\t\n\t<div class=\"wpb_text_column wpb_content_element\" >\n\t\t<div class=\"wpb_wrapper\">\n\t\t\t<p>Depende del evento: algunos se valoran con jueces, otros por aplaus\u00f3metro o por tokens (como en Tricks 4 Tokens). Lo importante es destacar con estilo.<\/p>\n\n\t\t<\/div>\n\t<\/div>\n\t<\/div>\n<\/div><h5 class=\"qodef-accordion-title\">\n    <span class=\"qodef-accordion-mark\">\n\t\t<span class=\"qodef_icon_plus icon_plus\"><\/span>\n\t\t<span class=\"qodef_icon_close icon_close\"><\/span>\n\t<\/span>\n\t<span class=\"qodef-tab-title\">Habr\u00e1 4\u00ba Spot?<\/span>\n<\/h5>\n<div class=\"qodef-accordion-content\">\n\t<div class=\"qodef-accordion-content-inner\">\n\t\t\n\t<div class=\"wpb_text_column wpb_content_element\" >\n\t\t<div class=\"wpb_wrapper\">\n\t\t\t<p>Estamos trabajando en ello&#8230;<\/p>\n\n\t\t<\/div>\n\t<\/div>\n\t<\/div>\n<\/div><\/div><\/div><\/div><\/div><\/div><div class=\"vc_row wpb_row vc_row-fluid\" ><div class=\"wpb_column vc_column_container vc_col-sm-12\"><div class=\"vc_column-inner vc_custom_1529055021087\"><div class=\"wpb_wrapper\"><div  class=\"wpb_widgetised_column wpb_content_element\">\n\t\t<div class=\"wpb_wrapper\">\n\t\t\t\n\t\t\t\n\t\t<\/div>\n\t<\/div>\n<\/div><\/div><\/div><\/div>\n<\/div>","protected":false},"excerpt":{"rendered":"Preguntas Generales Cu\u00e1nto cuesta participar? 15\u202f\u20ac si compites en un solo evento. 20\u202f\u20ac si compites en todo (prepago online) 25\u202f\u20ac si pagas all\u00ed el mismo d\u00eda Qu\u00e9 incluye la inscripci\u00f3n? Acceso a las competiciones, actividades paralelas, y si est\u00e1s entre los primeros 80 inscritos, te llevas una camiseta oficial del evento. D\u00f3nde me inscribo? En nuestra web o redes encontrar\u00e1s el link de inscripci\u00f3n online. Tambi\u00e9n puedes inscribirte in situ, pero te saldr\u00e1 un poco m\u00e1s caro. Hay seguro de [...]","protected":false},"author":1,"featured_media":0,"parent":0,"menu_order":0,"comment_status":"closed","ping_status":"closed","template":"full-width.php","meta":{"footnotes":""},"class_list":["post-3842","page","type-page","status-publish","hentry"],"_links":{"self":[{"href":"https:\/\/www.ondasummercontest.com\/index.php\/wp-json\/wp\/v2\/pages\/3842","targetHints":{"allow":["GET"]}}],"collection":[{"href":"https:\/\/www.ondasummercontest.com\/index.php\/wp-json\/wp\/v2\/pages"}],"about":[{"href":"https:\/\/www.ondasummercontest.com\/index.php\/wp-json\/wp\/v2\/types\/page"}],"author":[{"embeddable":true,"href":"https:\/\/www.ondasummercontest.com\/index.php\/wp-json\/wp\/v2\/users\/1"}],"replies":[{"embeddable":true,"href":"https:\/\/www.ondasummercontest.com\/index.php\/wp-json\/wp\/v2\/comments?post=3842"}],"version-history":[{"count":7,"href":"https:\/\/www.ondasummercontest.com\/index.php\/wp-json\/wp\/v2\/pages\/3842\/revisions"}],"predecessor-version":[{"id":3901,"href":"https:\/\/www.ondasummercontest.com\/index.php\/wp-json\/wp\/v2\/pages\/3842\/revisions\/3901"}],"wp:attachment":[{"href":"https:\/\/www.ondasummercontest.com\/index.php\/wp-json\/wp\/v2\/media?parent=3842"}],"curies":[{"name":"wp","href":"https:\/\/api.w.org\/{rel}","templated":true}]}}