{"id":3852,"date":"2025-06-17T20:49:46","date_gmt":"2025-06-17T18:49:46","guid":{"rendered":"https:\/\/www.ondasummercontest.com\/?page_id=3852"},"modified":"2025-08-01T10:41:15","modified_gmt":"2025-08-01T08:41:15","slug":"camping-area","status":"publish","type":"page","link":"https:\/\/www.ondasummercontest.com\/index.php\/camping-area\/","title":{"rendered":"Camping Area"},"content":{"rendered":"<div class=\"wpb-content-wrapper\"><div class=\"vc_row wpb_row vc_row-fluid\" ><div class=\"wpb_column vc_column_container vc_col-sm-12 vc_col-sm-offset-0\"><div class=\"vc_column-inner\"><div class=\"wpb_wrapper\"><div class=\"qodef-row-grid-section-wrapper \"  ><div class=\"qodef-row-grid-section\"><div class=\"vc_row wpb_row vc_inner vc_row-fluid vc_custom_1750169928136\" ><div class=\"wpb_column vc_column_container vc_col-sm-4 vc_col-lg-offset-0 vc_col-lg-4 vc_col-md-offset-0 vc_col-md-4 vc_col-sm-offset-2 vc_col-xs-12\"><div class=\"vc_column-inner\"><div class=\"wpb_wrapper\"><div class=\"qodef-elements-holder   qodef-one-column  qodef-responsive-mode-768 \" ><div class=\"qodef-eh-item     \" data-item-class=\"qodef-eh-custom-2022\">\n\t\t<div class=\"qodef-eh-item-inner\">\n\t\t<div class=\"qodef-eh-item-content qodef-eh-custom-2022\" >\n\t\t\t<div class=\"qodef-iwt clearfix  qodef-iwt-icon-top qodef-iwt-icon-medium\">\n\t<div class=\"qodef-iwt-icon\" >\n\t\t\t\t\t\t\t<a itemprop=\"url\" href=\"#\" target=\"_blank\">\n\t\t\t\t\t\t\t\t\t    <span class=\"qodef-icon-shortcode qodef-normal   qodef-icon-medium\"  >\n                    <i class=\"qodef-icon-dripicons dripicon dripicons-lightbulb qodef-icon-element\" style=\"\" ><\/i>            <\/span>\n\t\t\t\t\t\t\t\t<\/a>\n\t\t\t<\/div>\n\t<div class=\"qodef-iwt-content\" >\n\t\t\t\t\t<h4 class=\"qodef-iwt-title\" >\n\t\t\t\t\t\t\t\t\t<a itemprop=\"url\" href=\"#\" target=\"_blank\">\n\t\t\t\t\t\t\t\t<span class=\"qodef-iwt-title-text\">Luz El\u00e9ctrica<\/span>\n\t\t\t\t\t\t\t\t\t<\/a>\n\t\t\t\t\t\t\t<\/h4>\n\t\t\t\t\t\t\t<p class=\"qodef-iwt-text\" >Podr\u00e1s cargar tu m\u00f3vil, c\u00e1mara o altavoz sin problema.<\/p>\n\t\t\t<\/div>\n<\/div><div class=\"vc_empty_space\"   style=\"height: 50px\"><span class=\"vc_empty_space_inner\"><\/span><\/div>\t\t<\/div>\n\t<\/div>\n\t<\/div><\/div><div class=\"qodef-elements-holder   qodef-one-column  qodef-responsive-mode-768 \" ><div class=\"qodef-eh-item     \" data-item-class=\"qodef-eh-custom-5728\">\n\t\t<div class=\"qodef-eh-item-inner\">\n\t\t<div class=\"qodef-eh-item-content qodef-eh-custom-5728\" >\n\t\t\t<div class=\"qodef-iwt clearfix  qodef-iwt-icon-top qodef-iwt-icon-medium\">\n\t<div class=\"qodef-iwt-icon\" >\n\t\t\t\t\t\t\t\t\t\t\t    <span class=\"qodef-icon-shortcode qodef-normal   qodef-icon-medium\"  >\n                    <i class=\"qodef-icon-font-awesome fa fa-car qodef-icon-element\" style=\"\" ><\/i>            <\/span>\n\t\t\t\t\t\t<\/div>\n\t<div class=\"qodef-iwt-content\" >\n\t\t\t\t\t<h4 class=\"qodef-iwt-title\" >\n\t\t\t\t\t\t\t\t<span class=\"qodef-iwt-title-text\">Espacio Amplio<\/span>\n\t\t\t\t\t\t\t<\/h4>\n\t\t\t\t\t\t\t<p class=\"qodef-iwt-text\" >Trae tu tienda de campa\u00f1a, tu furgoneta o tu camper. \u00a1Caben todas las vibes!<\/p>\n\t\t\t<\/div>\n<\/div><div class=\"vc_empty_space\"   style=\"height: 50px\"><span class=\"vc_empty_space_inner\"><\/span><\/div>\t\t<\/div>\n\t<\/div>\n\t<\/div><\/div><\/div><\/div><\/div><div class=\"wpb_column vc_column_container vc_col-sm-4 vc_col-lg-offset-0 vc_col-lg-4 vc_col-md-offset-0 vc_col-md-4 vc_col-sm-offset-2 vc_col-xs-12\"><div class=\"vc_column-inner\"><div class=\"wpb_wrapper\"><div class=\"qodef-elements-holder   qodef-one-column  qodef-responsive-mode-768 \" ><div class=\"qodef-eh-item     \" data-item-class=\"qodef-eh-custom-9510\">\n\t\t<div class=\"qodef-eh-item-inner\">\n\t\t<div class=\"qodef-eh-item-content qodef-eh-custom-9510\" >\n\t\t\t<div class=\"qodef-iwt clearfix  qodef-iwt-icon-top qodef-iwt-icon-medium\">\n\t<div class=\"qodef-iwt-icon\" >\n\t\t\t\t\t\t\t<a itemprop=\"url\" href=\"#\" target=\"_blank\">\n\t\t\t\t\t\t\t\t\t    <span class=\"qodef-icon-shortcode qodef-normal   qodef-icon-medium\"  >\n                    <i class=\"qodef-icon-font-awesome fa fa-shower qodef-icon-element\" style=\"\" ><\/i>            <\/span>\n\t\t\t\t\t\t\t\t<\/a>\n\t\t\t<\/div>\n\t<div class=\"qodef-iwt-content\" >\n\t\t\t\t\t<h4 class=\"qodef-iwt-title\" >\n\t\t\t\t\t\t\t\t\t<a itemprop=\"url\" href=\"#\" target=\"_blank\">\n\t\t\t\t\t\t\t\t<span class=\"qodef-iwt-title-text\">Duchas y WC<\/span>\n\t\t\t\t\t\t\t\t\t<\/a>\n\t\t\t\t\t\t\t<\/h4>\n\t\t\t\t\t\t\t<p class=\"qodef-iwt-text\" >Acceso libre a los ba\u00f1os y duchas del propio skatepark.<\/p>\n\t\t\t<\/div>\n<\/div><div class=\"vc_empty_space\"   style=\"height: 50px\"><span class=\"vc_empty_space_inner\"><\/span><\/div>\t\t<\/div>\n\t<\/div>\n\t<\/div><\/div><div class=\"qodef-elements-holder   qodef-one-column  qodef-responsive-mode-768 \" ><div class=\"qodef-eh-item     \" data-item-class=\"qodef-eh-custom-1673\">\n\t\t<div class=\"qodef-eh-item-inner\">\n\t\t<div class=\"qodef-eh-item-content qodef-eh-custom-1673\" >\n\t\t\t<div class=\"qodef-iwt clearfix  qodef-iwt-icon-top qodef-iwt-icon-medium\">\n\t<div class=\"qodef-iwt-icon\" >\n\t\t\t\t\t\t\t<a itemprop=\"url\" href=\"#\" target=\"_blank\">\n\t\t\t\t\t\t\t\t\t    <span class=\"qodef-icon-shortcode qodef-normal   qodef-icon-medium\"  >\n                    <i class=\"qodef-icon-font-awesome fa fa-calendar qodef-icon-element\" style=\"\" ><\/i>            <\/span>\n\t\t\t\t\t\t\t\t<\/a>\n\t\t\t<\/div>\n\t<div class=\"qodef-iwt-content\" >\n\t\t\t\t\t<h4 class=\"qodef-iwt-title\" >\n\t\t\t\t\t\t\t\t\t<a itemprop=\"url\" href=\"#\" target=\"_blank\">\n\t\t\t\t\t\t\t\t<span class=\"qodef-iwt-title-text\">Disponibilidad<\/span>\n\t\t\t\t\t\t\t\t\t<\/a>\n\t\t\t\t\t\t\t<\/h4>\n\t\t\t\t\t\t\t<p class=\"qodef-iwt-text\" >Del lunes 11 al domingo 17 de agosto.<\/p>\n\t\t\t<\/div>\n<\/div><div class=\"vc_empty_space\"   style=\"height: 50px\"><span class=\"vc_empty_space_inner\"><\/span><\/div>\t\t<\/div>\n\t<\/div>\n\t<\/div><\/div><\/div><\/div><\/div><div class=\"wpb_column vc_column_container vc_col-sm-4 vc_col-lg-offset-0 vc_col-lg-4 vc_col-md-offset-0 vc_col-md-4 vc_col-sm-offset-2 vc_col-xs-12\"><div class=\"vc_column-inner\"><div class=\"wpb_wrapper\"><div class=\"qodef-elements-holder   qodef-one-column  qodef-responsive-mode-768 \" ><div class=\"qodef-eh-item     \" data-item-class=\"qodef-eh-custom-1349\">\n\t\t<div class=\"qodef-eh-item-inner\">\n\t\t<div class=\"qodef-eh-item-content qodef-eh-custom-1349\" >\n\t\t\t<div class=\"qodef-iwt clearfix  qodef-iwt-icon-top qodef-iwt-icon-medium\">\n\t<div class=\"qodef-iwt-icon\" >\n\t\t\t\t\t\t\t<a itemprop=\"url\" href=\"#\" target=\"_self\">\n\t\t\t\t\t\t\t\t\t    <span class=\"qodef-icon-shortcode qodef-normal   qodef-icon-medium\"  >\n                    <i class=\"qodef-icon-font-awesome fa fa-bed qodef-icon-element\" style=\"\" ><\/i>            <\/span>\n\t\t\t\t\t\t\t\t<\/a>\n\t\t\t<\/div>\n\t<div class=\"qodef-iwt-content\" >\n\t\t\t\t\t<h4 class=\"qodef-iwt-title\" >\n\t\t\t\t\t\t\t\t\t<a itemprop=\"url\" href=\"#\" target=\"_self\">\n\t\t\t\t\t\t\t\t<span class=\"qodef-iwt-title-text\">Zona Tranquila<\/span>\n\t\t\t\t\t\t\t\t\t<\/a>\n\t\t\t\t\t\t\t<\/h4>\n\t\t\t\t\t\t\t<p class=\"qodef-iwt-text\" >Para descansar por la noche, con respeto y horarios.<\/p>\n\t\t\t<\/div>\n<\/div><div class=\"vc_empty_space\"   style=\"height: 50px\"><span class=\"vc_empty_space_inner\"><\/span><\/div>\t\t<\/div>\n\t<\/div>\n\t<\/div><\/div><div class=\"qodef-elements-holder   qodef-one-column  qodef-responsive-mode-768 \" ><div class=\"qodef-eh-item     \" data-item-class=\"qodef-eh-custom-4711\">\n\t\t<div class=\"qodef-eh-item-inner\">\n\t\t<div class=\"qodef-eh-item-content qodef-eh-custom-4711\" >\n\t\t\t<div class=\"qodef-iwt clearfix  qodef-iwt-icon-top qodef-iwt-icon-medium\">\n\t<div class=\"qodef-iwt-icon\" >\n\t\t\t\t\t\t\t<a itemprop=\"url\" href=\"#\" target=\"_blank\">\n\t\t\t\t\t\t\t\t\t    <span class=\"qodef-icon-shortcode qodef-normal   qodef-icon-medium\"  >\n                    <i class=\"qodef-icon-font-awesome fa fa-money-bills qodef-icon-element\" style=\"\" ><\/i>            <\/span>\n\t\t\t\t\t\t\t\t<\/a>\n\t\t\t<\/div>\n\t<div class=\"qodef-iwt-content\" >\n\t\t\t\t\t<h4 class=\"qodef-iwt-title\" >\n\t\t\t\t\t\t\t\t\t<a itemprop=\"url\" href=\"#\" target=\"_blank\">\n\t\t\t\t\t\t\t\t<span class=\"qodef-iwt-title-text\">Precio<\/span>\n\t\t\t\t\t\t\t\t\t<\/a>\n\t\t\t\t\t\t\t<\/h4>\n\t\t\t\t\t\t\t<p class=\"qodef-iwt-text\" >S\u00f3lo 5\u20ac por persona y noche para utilizar la zona de acampada y los servicios a\u00f1adidos.<\/p>\n\t\t\t<\/div>\n<\/div><div class=\"vc_empty_space\"   style=\"height: 32px\"><span class=\"vc_empty_space_inner\"><\/span><\/div>\t\t<\/div>\n\t<\/div>\n\t<\/div><\/div><\/div><\/div><\/div><\/div><\/div><\/div><\/div><\/div><\/div><\/div><div class=\"vc_row wpb_row vc_row-fluid\" ><div class=\"wpb_column vc_column_container vc_col-sm-12\"><div class=\"vc_column-inner\"><div class=\"wpb_wrapper\"><div class=\"qodef-elements-holder   qodef-two-columns  qodef-responsive-mode-768 \" ><div class=\"qodef-eh-item   qodef-horizontal-alignment-center  \" data-item-class=\"qodef-eh-custom-7866\">\n\t\t<div class=\"qodef-eh-item-inner\">\n\t\t<div class=\"qodef-eh-item-content qodef-eh-custom-7866\" >\n\t\t\t\n\t<div  class=\"wpb_single_image wpb_content_element vc_align_center wpb_content_element\">\n\t\t\n\t\t<figure class=\"wpb_wrapper vc_figure\">\n\t\t\t<a class=\"\" data-lightbox=\"lightbox[rel-3852-2129672337]\" href=\"https:\/\/www.ondasummercontest.com\/wp-content\/uploads\/2025\/08\/Mapa-OSC-con-Camping-1024x724.jpeg\" target=\"_self\" class=\"vc_single_image-wrapper   vc_box_border_grey\"><img loading=\"lazy\" decoding=\"async\" width=\"2560\" height=\"1810\" src=\"https:\/\/www.ondasummercontest.com\/wp-content\/uploads\/2025\/08\/Mapa-OSC-con-Camping-scaled.jpeg\" class=\"vc_single_image-img attachment-full\" alt=\"Mapa OSC con Camping\" title=\"Mapa OSC con Camping\" srcset=\"https:\/\/www.ondasummercontest.com\/wp-content\/uploads\/2025\/08\/Mapa-OSC-con-Camping-scaled.jpeg 2560w, https:\/\/www.ondasummercontest.com\/wp-content\/uploads\/2025\/08\/Mapa-OSC-con-Camping-300x212.jpeg 300w, https:\/\/www.ondasummercontest.com\/wp-content\/uploads\/2025\/08\/Mapa-OSC-con-Camping-1024x724.jpeg 1024w, https:\/\/www.ondasummercontest.com\/wp-content\/uploads\/2025\/08\/Mapa-OSC-con-Camping-768x543.jpeg 768w, https:\/\/www.ondasummercontest.com\/wp-content\/uploads\/2025\/08\/Mapa-OSC-con-Camping-1536x1086.jpeg 1536w, https:\/\/www.ondasummercontest.com\/wp-content\/uploads\/2025\/08\/Mapa-OSC-con-Camping-18x12.jpeg 18w\" sizes=\"auto, (max-width: 2560px) 100vw, 2560px\" \/><\/a>\n\t\t<\/figure>\n\t<\/div>\n\t\t<\/div>\n\t<\/div>\n\t<\/div><div class=\"qodef-eh-item     \" data-item-class=\"qodef-eh-custom-2452\">\n\t\t<div class=\"qodef-eh-item-inner\">\n\t\t<div class=\"qodef-eh-item-content qodef-eh-custom-2452\" style=\"padding: 50px\">\n\t\t\t<div class=\"qodef-section-title-holder  qodef-light-skin qodef-st-title-left qodef-st-normal-space qodef-st-with-animation\" >\n\t<div class=\"qodef-st-inner\">\n\t\t\t\t\t<span class=\"qodef-st-tagline\" >\n\t\t\t\tla_experiencia_OSC\t\t\t<\/span>\n\t\t\t\t\t\t\t<div class=\"qodef-st-title-wrapper\">\n\t\t\t\t<h2 class=\"qodef-st-title\" >\n\t\t\t\t\tDuerme cerca de la Acci\u00f3n\t\t\t\t<\/h2>\n\t\t\t<\/div>\n\t\t\t\t\t\t\t<div class=\"qodef-st-text-wrapper\">\n\t\t\t\t<p class=\"qodef-st-text\" style=\"margin-top: 22px\">\n\t\t\t\t\tSi vienes a competir, a animar o simplemente a disfrutar del mejor ambientazo sobre ruedas\u2026 \u00a1te interesa saber esto!\nDurante el Onda Summer Contest 2025, ponemos a tu disposici\u00f3n una zona de acampada junto al skatepark para que puedas quedarte a dormir c\u00f3modamente, sin perderte ni un segundo del evento.\t\t\t\t<\/p>\n\t\t\t<\/div>\n\t\t\t<\/div>\n<\/div><div class=\"vc_empty_space\"   style=\"height: 44px\"><span class=\"vc_empty_space_inner\"><\/span><\/div><a itemprop=\"url\" href=\"https:\/\/forms.gle\/TVqVuakRDcGztzQS9\" target=\"_blank\"  class=\"qodef-btn qodef-btn-large qodef-btn-solid qodef-with-svg-arrow\"  >\n    <span class=\"qodef-btn-text\">\n        <span class=\"qodef-btn-text-inner\">RESERVA TU PLAZA<\/span>\n                    <svg class=\"qodef-svg-icon\" x=\"0px\" y=\"0px\" viewBox=\"0 0 5 8.7\" enable-background=\"new 0 0 5 8.7\" xml:space=\"preserve\" >\n                <path d=\"M0.3,7.6l3.2-3.3L0.3,1.1C0,0.8,0,0.6,0.3,0.3c0.3-0.3,0.5-0.3,0.8,0L4.7,4c0.1,0.1,0.2,0.2,0.2,0.4c0,0.2-0.1,0.3-0.2,0.4 \n                        L1.1,8.4c-0.3,0.3-0.5,0.3-0.8,0C0,8.2,0,7.9,0.3,7.6z\"\/>\n            <\/svg>\n            <\/span>\n    <\/a>\t\t<\/div>\n\t<\/div>\n\t\t\t<div class=\"qodef-eh-item-background\" style=\"background-color: #000000\"><\/div>\t\n\t<\/div><\/div><\/div><\/div><\/div><\/div><div class=\"vc_row wpb_row vc_row-fluid vc_custom_1750186044734\" ><div class=\"wpb_column vc_column_container vc_col-sm-12\"><div class=\"vc_column-inner\"><div class=\"wpb_wrapper\">\n\t<div class=\"wpb_text_column wpb_content_element vc_custom_1750189681070\" >\n\t\t<div class=\"wpb_wrapper\">\n\t\t\t<h4><strong>Camping Area Info<\/strong><\/h4>\n\n\t\t<\/div>\n\t<\/div>\n<div class=\"qodef-accordion-holder qodef-ac-default  qodef-accordion qodef-ac-boxed clearfix\">\n\t<h5 class=\"qodef-accordion-title\">\n    <span class=\"qodef-accordion-mark\">\n\t\t<span class=\"qodef_icon_plus icon_plus\"><\/span>\n\t\t<span class=\"qodef_icon_close icon_close\"><\/span>\n\t<\/span>\n\t<span class=\"qodef-tab-title\">D\u00f3nde est\u00e1 la zona de acampada?<\/span>\n<\/h5>\n<div class=\"qodef-accordion-content\">\n\t<div class=\"qodef-accordion-content-inner\">\n\t\t\n\t<div class=\"wpb_text_column wpb_content_element\" >\n\t\t<div class=\"wpb_wrapper\">\n\t\t\t<p>La acampada estar\u00e1 situada en un <strong>recinto aleda\u00f1o al Skatepark de Onda<\/strong>, a s\u00f3lo unos pasos de la pista.<br \/>\nEsto significa que podr\u00e1s <strong>levantarte, desayunar y estar en el parque en menos de 1 minuto<\/strong>. Literal.<\/p>\n\n\t\t<\/div>\n\t<\/div>\n\t<\/div>\n<\/div><h5 class=\"qodef-accordion-title\">\n    <span class=\"qodef-accordion-mark\">\n\t\t<span class=\"qodef_icon_plus icon_plus\"><\/span>\n\t\t<span class=\"qodef_icon_close icon_close\"><\/span>\n\t<\/span>\n\t<span class=\"qodef-tab-title\">Cu\u00e1nto cuesta?<\/span>\n<\/h5>\n<div class=\"qodef-accordion-content\">\n\t<div class=\"qodef-accordion-content-inner\">\n\t\t\n\t<div class=\"wpb_text_column wpb_content_element\" >\n\t\t<div class=\"wpb_wrapper\">\n\t\t\t<p>Para ayudar a cubrir los gastos de mantenimiento, limpieza y servicios, se cobrar\u00e1 un <strong>precio simb\u00f3lico de 5\u202f\u20ac por noche y por persona<\/strong>.<\/p>\n<p>Es una peque\u00f1a aportaci\u00f3n para que todo funcione bien y podamos seguir ofreciendo este espacio a\u00f1o tras a\u00f1o.<\/p>\n\n\t\t<\/div>\n\t<\/div>\n\t<\/div>\n<\/div><h5 class=\"qodef-accordion-title\">\n    <span class=\"qodef-accordion-mark\">\n\t\t<span class=\"qodef_icon_plus icon_plus\"><\/span>\n\t\t<span class=\"qodef_icon_close icon_close\"><\/span>\n\t<\/span>\n\t<span class=\"qodef-tab-title\">Por qu\u00e9 es recomendable quedarte a dormir?<\/span>\n<\/h5>\n<div class=\"qodef-accordion-content\">\n\t<div class=\"qodef-accordion-content-inner\">\n\t\t\n\t<div class=\"wpb_text_column wpb_content_element\" >\n\t\t<div class=\"wpb_wrapper\">\n\t\t\t<p>Porque Onda <strong>no duerme<\/strong> durante el Summer Contest. Entre <strong>las sesiones nocturnas, la m\u00fasica, la cerveza fr\u00eda y el ambientazo<\/strong>, la experiencia completa solo se vive qued\u00e1ndote a dormir.<\/p>\n<p>Adem\u00e1s, compartir zona con otros riders es una de las mejores formas de conocer gente, charlar de trucos imposibles y montar planes improvisados.<\/p>\n\n\t\t<\/div>\n\t<\/div>\n\t<\/div>\n<\/div><h5 class=\"qodef-accordion-title\">\n    <span class=\"qodef-accordion-mark\">\n\t\t<span class=\"qodef_icon_plus icon_plus\"><\/span>\n\t\t<span class=\"qodef_icon_close icon_close\"><\/span>\n\t<\/span>\n\t<span class=\"qodef-tab-title\">NORMAS Y RECOMENDACIONES<\/span>\n<\/h5>\n<div class=\"qodef-accordion-content\">\n\t<div class=\"qodef-accordion-content-inner\">\n\t\t\n\t<div class=\"wpb_text_column wpb_content_element\" >\n\t\t<div class=\"wpb_wrapper\">\n\t\t\t<ul>\n<li class=\"wp-block-heading\">No es un camping tur\u00edstico, sino un espacio habilitado por y para la comunidad roller. Respeta el entorno y al resto de riders.<\/li>\n<li class=\"wp-block-heading\"><strong>No est\u00e1 permitido hacer fuego ni barbacoas.<\/strong><\/li>\n<li class=\"wp-block-heading\">Se recomienda traer tu propia alargadera o regleta si vas a necesitar enchufes. Nosotros tambi\u00e9n proporcionaremos hasta cierto n\u00famero.<\/li>\n<li class=\"wp-block-heading\">No hay vigilancia 24\u202fh, as\u00ed que guarda bien tus cosas de valor o d\u00e9jalas en tu coche\/camper cerrado.<\/li>\n<\/ul>\n\n\t\t<\/div>\n\t<\/div>\n\t<\/div>\n<\/div><\/div><\/div><\/div><\/div><\/div><div class=\"vc_row wpb_row vc_row-fluid vc_custom_1750190921477\" ><div class=\"wpb_column vc_column_container vc_col-sm-12\"><div class=\"vc_column-inner\"><div class=\"wpb_wrapper\"><div class=\"qodef-image-gallery qodef-grid-list qodef-grid-masonry-list qodef-disable-bottom-space  qodef-ig-masonry-type qodef-four-columns qodef-tiny-space  qodef-image-behavior-lightbox\">\n\t<div class=\"qodef-ig-inner qodef-outer-space qodef-masonry-list-wrapper\">\n\t\t<div class=\"qodef-masonry-grid-sizer\"><\/div>\n\t\t<div class=\"qodef-masonry-grid-gutter\"><\/div>\n\t\t\t\t\t\t\t\t<div class=\"qodef-ig-image qodef-item-space \">\n\t\t\t\t<div class=\"qodef-ig-image-inner\">\n\t\t\t\t\t\t\t\t\t\t\t<a itemprop=\"image\" class=\"qodef-ig-lightbox\" href=\"https:\/\/www.ondasummercontest.com\/wp-content\/uploads\/2025\/06\/9.png\" data-rel=\"prettyPhoto[image_gallery_pretty_photo-927]\" title=\"9\">\n\t\t\t\t\t\t\t\t\t\t\t<img loading=\"lazy\" decoding=\"async\" width=\"467\" height=\"330\" src=\"https:\/\/www.ondasummercontest.com\/wp-content\/uploads\/2025\/06\/9.png\" class=\"attachment-full size-full\" alt=\"\" srcset=\"https:\/\/www.ondasummercontest.com\/wp-content\/uploads\/2025\/06\/9.png 467w, https:\/\/www.ondasummercontest.com\/wp-content\/uploads\/2025\/06\/9-300x212.png 300w, https:\/\/www.ondasummercontest.com\/wp-content\/uploads\/2025\/06\/9-18x12.png 18w\" sizes=\"auto, (max-width: 467px) 100vw, 467px\" \/>\t\t\t\t\t\t\t\t\t\t\t<\/a>\n\t\t\t\t\t\t\t\t\t<\/div>\n\t\t\t<\/div>\n\t\t\t\t\t\t\t\t<div class=\"qodef-ig-image qodef-item-space \">\n\t\t\t\t<div class=\"qodef-ig-image-inner\">\n\t\t\t\t\t\t\t\t\t\t\t<a itemprop=\"image\" class=\"qodef-ig-lightbox\" href=\"https:\/\/www.ondasummercontest.com\/wp-content\/uploads\/2025\/06\/4.png\" data-rel=\"prettyPhoto[image_gallery_pretty_photo-927]\" title=\"4\">\n\t\t\t\t\t\t\t\t\t\t\t<img loading=\"lazy\" decoding=\"async\" width=\"467\" height=\"330\" src=\"https:\/\/www.ondasummercontest.com\/wp-content\/uploads\/2025\/06\/4.png\" class=\"attachment-full size-full\" alt=\"\" srcset=\"https:\/\/www.ondasummercontest.com\/wp-content\/uploads\/2025\/06\/4.png 467w, https:\/\/www.ondasummercontest.com\/wp-content\/uploads\/2025\/06\/4-300x212.png 300w, https:\/\/www.ondasummercontest.com\/wp-content\/uploads\/2025\/06\/4-18x12.png 18w\" sizes=\"auto, (max-width: 467px) 100vw, 467px\" \/>\t\t\t\t\t\t\t\t\t\t\t<\/a>\n\t\t\t\t\t\t\t\t\t<\/div>\n\t\t\t<\/div>\n\t\t\t\t\t\t\t\t<div class=\"qodef-ig-image qodef-item-space \">\n\t\t\t\t<div class=\"qodef-ig-image-inner\">\n\t\t\t\t\t\t\t\t\t\t\t<a itemprop=\"image\" class=\"qodef-ig-lightbox\" href=\"https:\/\/www.ondasummercontest.com\/wp-content\/uploads\/2025\/06\/1.png\" data-rel=\"prettyPhoto[image_gallery_pretty_photo-927]\" title=\"1\">\n\t\t\t\t\t\t\t\t\t\t\t<img loading=\"lazy\" decoding=\"async\" width=\"467\" height=\"330\" src=\"https:\/\/www.ondasummercontest.com\/wp-content\/uploads\/2025\/06\/1.png\" class=\"attachment-full size-full\" alt=\"\" srcset=\"https:\/\/www.ondasummercontest.com\/wp-content\/uploads\/2025\/06\/1.png 467w, https:\/\/www.ondasummercontest.com\/wp-content\/uploads\/2025\/06\/1-300x212.png 300w, https:\/\/www.ondasummercontest.com\/wp-content\/uploads\/2025\/06\/1-18x12.png 18w\" sizes=\"auto, (max-width: 467px) 100vw, 467px\" \/>\t\t\t\t\t\t\t\t\t\t\t<\/a>\n\t\t\t\t\t\t\t\t\t<\/div>\n\t\t\t<\/div>\n\t\t\t\t\t\t\t\t<div class=\"qodef-ig-image qodef-item-space \">\n\t\t\t\t<div class=\"qodef-ig-image-inner\">\n\t\t\t\t\t\t\t\t\t\t\t<a itemprop=\"image\" class=\"qodef-ig-lightbox\" href=\"https:\/\/www.ondasummercontest.com\/wp-content\/uploads\/2025\/06\/18-1.png\" data-rel=\"prettyPhoto[image_gallery_pretty_photo-927]\" title=\"18\">\n\t\t\t\t\t\t\t\t\t\t\t<img loading=\"lazy\" decoding=\"async\" width=\"467\" height=\"330\" src=\"https:\/\/www.ondasummercontest.com\/wp-content\/uploads\/2025\/06\/18-1.png\" class=\"attachment-full size-full\" alt=\"\" srcset=\"https:\/\/www.ondasummercontest.com\/wp-content\/uploads\/2025\/06\/18-1.png 467w, https:\/\/www.ondasummercontest.com\/wp-content\/uploads\/2025\/06\/18-1-300x212.png 300w, https:\/\/www.ondasummercontest.com\/wp-content\/uploads\/2025\/06\/18-1-18x12.png 18w\" sizes=\"auto, (max-width: 467px) 100vw, 467px\" \/>\t\t\t\t\t\t\t\t\t\t\t<\/a>\n\t\t\t\t\t\t\t\t\t<\/div>\n\t\t\t<\/div>\n\t\t\t\t\t\t\t\t<div class=\"qodef-ig-image qodef-item-space \">\n\t\t\t\t<div class=\"qodef-ig-image-inner\">\n\t\t\t\t\t\t\t\t\t\t\t<a itemprop=\"image\" class=\"qodef-ig-lightbox\" href=\"https:\/\/www.ondasummercontest.com\/wp-content\/uploads\/2025\/06\/19-1.png\" data-rel=\"prettyPhoto[image_gallery_pretty_photo-927]\" title=\"19\">\n\t\t\t\t\t\t\t\t\t\t\t<img loading=\"lazy\" decoding=\"async\" width=\"467\" height=\"330\" src=\"https:\/\/www.ondasummercontest.com\/wp-content\/uploads\/2025\/06\/19-1.png\" class=\"attachment-full size-full\" alt=\"\" srcset=\"https:\/\/www.ondasummercontest.com\/wp-content\/uploads\/2025\/06\/19-1.png 467w, https:\/\/www.ondasummercontest.com\/wp-content\/uploads\/2025\/06\/19-1-300x212.png 300w, https:\/\/www.ondasummercontest.com\/wp-content\/uploads\/2025\/06\/19-1-18x12.png 18w\" sizes=\"auto, (max-width: 467px) 100vw, 467px\" \/>\t\t\t\t\t\t\t\t\t\t\t<\/a>\n\t\t\t\t\t\t\t\t\t<\/div>\n\t\t\t<\/div>\n\t\t\t\t\t\t\t\t<div class=\"qodef-ig-image qodef-item-space \">\n\t\t\t\t<div class=\"qodef-ig-image-inner\">\n\t\t\t\t\t\t\t\t\t\t\t<a itemprop=\"image\" class=\"qodef-ig-lightbox\" href=\"https:\/\/www.ondasummercontest.com\/wp-content\/uploads\/2025\/06\/20-1.png\" data-rel=\"prettyPhoto[image_gallery_pretty_photo-927]\" title=\"20\">\n\t\t\t\t\t\t\t\t\t\t\t<img loading=\"lazy\" decoding=\"async\" width=\"467\" height=\"330\" src=\"https:\/\/www.ondasummercontest.com\/wp-content\/uploads\/2025\/06\/20-1.png\" class=\"attachment-full size-full\" alt=\"\" srcset=\"https:\/\/www.ondasummercontest.com\/wp-content\/uploads\/2025\/06\/20-1.png 467w, https:\/\/www.ondasummercontest.com\/wp-content\/uploads\/2025\/06\/20-1-300x212.png 300w, https:\/\/www.ondasummercontest.com\/wp-content\/uploads\/2025\/06\/20-1-18x12.png 18w\" sizes=\"auto, (max-width: 467px) 100vw, 467px\" \/>\t\t\t\t\t\t\t\t\t\t\t<\/a>\n\t\t\t\t\t\t\t\t\t<\/div>\n\t\t\t<\/div>\n\t\t\t\t\t\t\t\t<div class=\"qodef-ig-image qodef-item-space \">\n\t\t\t\t<div class=\"qodef-ig-image-inner\">\n\t\t\t\t\t\t\t\t\t\t\t<a itemprop=\"image\" class=\"qodef-ig-lightbox\" href=\"https:\/\/www.ondasummercontest.com\/wp-content\/uploads\/2025\/06\/17.png\" data-rel=\"prettyPhoto[image_gallery_pretty_photo-927]\" title=\"17\">\n\t\t\t\t\t\t\t\t\t\t\t<img loading=\"lazy\" decoding=\"async\" width=\"467\" height=\"330\" src=\"https:\/\/www.ondasummercontest.com\/wp-content\/uploads\/2025\/06\/17.png\" class=\"attachment-full size-full\" alt=\"\" srcset=\"https:\/\/www.ondasummercontest.com\/wp-content\/uploads\/2025\/06\/17.png 467w, https:\/\/www.ondasummercontest.com\/wp-content\/uploads\/2025\/06\/17-300x212.png 300w, https:\/\/www.ondasummercontest.com\/wp-content\/uploads\/2025\/06\/17-18x12.png 18w\" sizes=\"auto, (max-width: 467px) 100vw, 467px\" \/>\t\t\t\t\t\t\t\t\t\t\t<\/a>\n\t\t\t\t\t\t\t\t\t<\/div>\n\t\t\t<\/div>\n\t\t\t\t\t\t\t\t<div class=\"qodef-ig-image qodef-item-space \">\n\t\t\t\t<div class=\"qodef-ig-image-inner\">\n\t\t\t\t\t\t\t\t\t\t\t<a itemprop=\"image\" class=\"qodef-ig-lightbox\" href=\"https:\/\/www.ondasummercontest.com\/wp-content\/uploads\/2025\/06\/3.png\" data-rel=\"prettyPhoto[image_gallery_pretty_photo-927]\" title=\"3\">\n\t\t\t\t\t\t\t\t\t\t\t<img loading=\"lazy\" decoding=\"async\" width=\"467\" height=\"330\" src=\"https:\/\/www.ondasummercontest.com\/wp-content\/uploads\/2025\/06\/3.png\" class=\"attachment-full size-full\" alt=\"\" srcset=\"https:\/\/www.ondasummercontest.com\/wp-content\/uploads\/2025\/06\/3.png 467w, https:\/\/www.ondasummercontest.com\/wp-content\/uploads\/2025\/06\/3-300x212.png 300w, https:\/\/www.ondasummercontest.com\/wp-content\/uploads\/2025\/06\/3-18x12.png 18w\" sizes=\"auto, (max-width: 467px) 100vw, 467px\" \/>\t\t\t\t\t\t\t\t\t\t\t<\/a>\n\t\t\t\t\t\t\t\t\t<\/div>\n\t\t\t<\/div>\n\t\t\t<\/div>\n<\/div><\/div><\/div><\/div><\/div>\n<\/div>","protected":false},"excerpt":{"rendered":"Luz El\u00e9ctrica Podr\u00e1s cargar tu m\u00f3vil, c\u00e1mara o altavoz sin problema. Espacio Amplio Trae tu tienda de campa\u00f1a, tu furgoneta o tu camper. \u00a1Caben todas las vibes! Duchas y WC Acceso libre a los ba\u00f1os y duchas del propio skatepark. Disponibilidad Del lunes 11 al domingo 17 de agosto. Zona Tranquila Para descansar por la noche, con respeto y horarios. Precio S\u00f3lo 5\u20ac por persona y noche para utilizar la zona de acampada y los servicios a\u00f1adidos. la_experiencia_OSC Duerme cerca [...]","protected":false},"author":1,"featured_media":0,"parent":0,"menu_order":0,"comment_status":"closed","ping_status":"closed","template":"full-width.php","meta":{"footnotes":""},"class_list":["post-3852","page","type-page","status-publish","hentry"],"_links":{"self":[{"href":"https:\/\/www.ondasummercontest.com\/index.php\/wp-json\/wp\/v2\/pages\/3852","targetHints":{"allow":["GET"]}}],"collection":[{"href":"https:\/\/www.ondasummercontest.com\/index.php\/wp-json\/wp\/v2\/pages"}],"about":[{"href":"https:\/\/www.ondasummercontest.com\/index.php\/wp-json\/wp\/v2\/types\/page"}],"author":[{"embeddable":true,"href":"https:\/\/www.ondasummercontest.com\/index.php\/wp-json\/wp\/v2\/users\/1"}],"replies":[{"embeddable":true,"href":"https:\/\/www.ondasummercontest.com\/index.php\/wp-json\/wp\/v2\/comments?post=3852"}],"version-history":[{"count":18,"href":"https:\/\/www.ondasummercontest.com\/index.php\/wp-json\/wp\/v2\/pages\/3852\/revisions"}],"predecessor-version":[{"id":3923,"href":"https:\/\/www.ondasummercontest.com\/index.php\/wp-json\/wp\/v2\/pages\/3852\/revisions\/3923"}],"wp:attachment":[{"href":"https:\/\/www.ondasummercontest.com\/index.php\/wp-json\/wp\/v2\/media?parent=3852"}],"curies":[{"name":"wp","href":"https:\/\/api.w.org\/{rel}","templated":true}]}}