{"id":392,"date":"2018-06-15T10:58:46","date_gmt":"2018-06-15T10:58:46","guid":{"rendered":"http:\/\/wellexpo.select-themes.com\/?page_id=392"},"modified":"2025-08-01T10:34:36","modified_gmt":"2025-08-01T08:34:36","slug":"info-del-evento","status":"publish","type":"page","link":"https:\/\/www.ondasummercontest.com\/index.php\/info-del-evento\/","title":{"rendered":"Info del Evento"},"content":{"rendered":"<div class=\"wpb-content-wrapper\"><div class=\"vc_row wpb_row vc_row-fluid\" ><div class=\"wpb_column vc_column_container vc_col-sm-12 vc_col-sm-offset-0\"><div class=\"vc_column-inner\"><div class=\"wpb_wrapper\"><div class=\"qodef-row-grid-section-wrapper \"  ><div class=\"qodef-row-grid-section\"><div class=\"vc_row wpb_row vc_inner vc_row-fluid vc_custom_1750169928136\" ><div class=\"wpb_column vc_column_container vc_col-sm-8 vc_col-lg-offset-0 vc_col-lg-4 vc_col-md-offset-0 vc_col-md-4 vc_col-sm-offset-2 vc_col-xs-12\"><div class=\"vc_column-inner\"><div class=\"wpb_wrapper\"><div class=\"qodef-elements-holder   qodef-one-column  qodef-responsive-mode-768 \" ><div class=\"qodef-eh-item     \" data-item-class=\"qodef-eh-custom-4090\">\n\t\t<div class=\"qodef-eh-item-inner\">\n\t\t<div class=\"qodef-eh-item-content qodef-eh-custom-4090\" >\n\t\t\t<div class=\"qodef-iwt clearfix  qodef-iwt-icon-top qodef-iwt-icon-medium\">\n\t<div class=\"qodef-iwt-icon\" >\n\t\t\t\t\t\t\t<a itemprop=\"url\" href=\"#\" target=\"_blank\">\n\t\t\t\t\t\t\t\t\t    <span class=\"qodef-icon-shortcode qodef-normal   qodef-icon-medium\"  >\n                    <i class=\"qodef-icon-dripicons dripicon  qodef-icon-element\" style=\"\" ><\/i>            <\/span>\n\t\t\t\t\t\t\t\t<\/a>\n\t\t\t<\/div>\n\t<div class=\"qodef-iwt-content\" >\n\t\t\t\t\t<h4 class=\"qodef-iwt-title\" >\n\t\t\t\t\t\t\t\t\t<a itemprop=\"url\" href=\"#\" target=\"_blank\">\n\t\t\t\t\t\t\t\t<span class=\"qodef-iwt-title-text\">100% Roller Park<\/span>\n\t\t\t\t\t\t\t\t\t<\/a>\n\t\t\t\t\t\t\t<\/h4>\n\t\t\t\t\t\t\t<p class=\"qodef-iwt-text\" >El primer skatepark construido por rollers para rollers de Espa\u00f1a.<\/p>\n\t\t\t<\/div>\n<\/div><div class=\"vc_empty_space\"   style=\"height: 50px\"><span class=\"vc_empty_space_inner\"><\/span><\/div>\t\t<\/div>\n\t<\/div>\n\t<\/div><\/div><\/div><\/div><\/div><div class=\"wpb_column vc_column_container vc_col-sm-8 vc_col-lg-offset-0 vc_col-lg-4 vc_col-md-offset-0 vc_col-md-4 vc_col-sm-offset-2 vc_col-xs-12\"><div class=\"vc_column-inner\"><div class=\"wpb_wrapper\"><div class=\"qodef-elements-holder   qodef-one-column  qodef-responsive-mode-768 \" ><div class=\"qodef-eh-item     \" data-item-class=\"qodef-eh-custom-4273\">\n\t\t<div class=\"qodef-eh-item-inner\">\n\t\t<div class=\"qodef-eh-item-content qodef-eh-custom-4273\" >\n\t\t\t<div class=\"qodef-iwt clearfix  qodef-iwt-icon-top qodef-iwt-icon-medium\">\n\t<div class=\"qodef-iwt-icon\" >\n\t\t\t\t\t\t\t<a itemprop=\"url\" href=\"#\" target=\"_blank\">\n\t\t\t\t\t\t\t\t\t    <span class=\"qodef-icon-shortcode qodef-normal   qodef-icon-medium\"  >\n                    <i class=\"qodef-icon-dripicons dripicon  qodef-icon-element\" style=\"\" ><\/i>            <\/span>\n\t\t\t\t\t\t\t\t<\/a>\n\t\t\t<\/div>\n\t<div class=\"qodef-iwt-content\" >\n\t\t\t\t\t<h4 class=\"qodef-iwt-title\" >\n\t\t\t\t\t\t\t\t\t<a itemprop=\"url\" href=\"#\" target=\"_blank\">\n\t\t\t\t\t\t\t\t<span class=\"qodef-iwt-title-text\">Bar y WC<\/span>\n\t\t\t\t\t\t\t\t\t<\/a>\n\t\t\t\t\t\t\t<\/h4>\n\t\t\t\t\t\t\t<p class=\"qodef-iwt-text\" >Bebidas fr\u00edas y comida en nuestro bar para hacer tu experiencia m\u00e1s satisfactoria, adem\u00e1s de ba\u00f1os y duchas. Qu\u00e9 m\u00e1s necesitas?<\/p>\n\t\t\t<\/div>\n<\/div><div class=\"vc_empty_space\"   style=\"height: 50px\"><span class=\"vc_empty_space_inner\"><\/span><\/div>\t\t<\/div>\n\t<\/div>\n\t<\/div><\/div><\/div><\/div><\/div><div class=\"wpb_column vc_column_container vc_col-sm-8 vc_col-lg-offset-0 vc_col-lg-4 vc_col-md-offset-0 vc_col-md-4 vc_col-sm-offset-2 vc_col-xs-12\"><div class=\"vc_column-inner\"><div class=\"wpb_wrapper\"><div class=\"qodef-elements-holder   qodef-one-column  qodef-responsive-mode-768 \" ><div class=\"qodef-eh-item     \" data-item-class=\"qodef-eh-custom-4531\">\n\t\t<div class=\"qodef-eh-item-inner\">\n\t\t<div class=\"qodef-eh-item-content qodef-eh-custom-4531\" >\n\t\t\t<div class=\"qodef-iwt clearfix  qodef-iwt-icon-top qodef-iwt-icon-medium\">\n\t<div class=\"qodef-iwt-icon\" >\n\t\t\t\t\t\t\t<a itemprop=\"url\" href=\"#\" target=\"_self\">\n\t\t\t\t\t\t\t\t\t    <span class=\"qodef-icon-shortcode qodef-normal   qodef-icon-medium\"  >\n                    <i class=\"qodef-icon-dripicons dripicon  qodef-icon-element\" style=\"\" ><\/i>            <\/span>\n\t\t\t\t\t\t\t\t<\/a>\n\t\t\t<\/div>\n\t<div class=\"qodef-iwt-content\" >\n\t\t\t\t\t<h4 class=\"qodef-iwt-title\" >\n\t\t\t\t\t\t\t\t\t<a itemprop=\"url\" href=\"#\" target=\"_self\">\n\t\t\t\t\t\t\t\t<span class=\"qodef-iwt-title-text\">Area Market<\/span>\n\t\t\t\t\t\t\t\t\t<\/a>\n\t\t\t\t\t\t\t<\/h4>\n\t\t\t\t\t\t\t<p class=\"qodef-iwt-text\" >Adquiere los \u00faltimos productos de marcas propiedad de patinadores en nuestro market, apoyando a la industria local.<\/p>\n\t\t\t<\/div>\n<\/div><div class=\"vc_empty_space\"   style=\"height: 50px\"><span class=\"vc_empty_space_inner\"><\/span><\/div>\t\t<\/div>\n\t<\/div>\n\t<\/div><\/div><\/div><\/div><\/div><\/div><\/div><\/div><\/div><\/div><\/div><\/div><div class=\"vc_row wpb_row vc_row-fluid\" ><div class=\"wpb_column vc_column_container vc_col-sm-12\"><div class=\"vc_column-inner\"><div class=\"wpb_wrapper\"><div class=\"qodef-elements-holder   qodef-two-columns  qodef-responsive-mode-768 \" ><div class=\"qodef-eh-item     \" data-item-class=\"qodef-eh-custom-2750\">\n\t\t<div class=\"qodef-eh-item-inner\">\n\t\t<div class=\"qodef-eh-item-content qodef-eh-custom-2750\" >\n\t\t\t\n\t<div  class=\"wpb_single_image wpb_content_element vc_align_center wpb_content_element\">\n\t\t\n\t\t<figure class=\"wpb_wrapper vc_figure\">\n\t\t\t<div class=\"vc_single_image-wrapper   vc_box_border_grey\"><img loading=\"lazy\" decoding=\"async\" width=\"2560\" height=\"1810\" src=\"https:\/\/www.ondasummercontest.com\/wp-content\/uploads\/2025\/08\/Mapa-OSC-con-Camping-scaled.jpeg\" class=\"vc_single_image-img attachment-full\" alt=\"Mapa OSC con Camping\" title=\"Mapa OSC con Camping\" srcset=\"https:\/\/www.ondasummercontest.com\/wp-content\/uploads\/2025\/08\/Mapa-OSC-con-Camping-scaled.jpeg 2560w, https:\/\/www.ondasummercontest.com\/wp-content\/uploads\/2025\/08\/Mapa-OSC-con-Camping-300x212.jpeg 300w, https:\/\/www.ondasummercontest.com\/wp-content\/uploads\/2025\/08\/Mapa-OSC-con-Camping-1024x724.jpeg 1024w, https:\/\/www.ondasummercontest.com\/wp-content\/uploads\/2025\/08\/Mapa-OSC-con-Camping-768x543.jpeg 768w, https:\/\/www.ondasummercontest.com\/wp-content\/uploads\/2025\/08\/Mapa-OSC-con-Camping-1536x1086.jpeg 1536w, https:\/\/www.ondasummercontest.com\/wp-content\/uploads\/2025\/08\/Mapa-OSC-con-Camping-18x12.jpeg 18w\" sizes=\"auto, (max-width: 2560px) 100vw, 2560px\" \/><\/div>\n\t\t<\/figure>\n\t<\/div>\n\t\t<\/div>\n\t<\/div>\n\t<\/div><div class=\"qodef-eh-item     \" data-item-class=\"qodef-eh-custom-5992\">\n\t\t<div class=\"qodef-eh-item-inner\">\n\t\t<div class=\"qodef-eh-item-content qodef-eh-custom-5992\" style=\"padding: 50px\">\n\t\t\t<div class=\"qodef-section-title-holder  qodef-light-skin qodef-st-title-left qodef-st-normal-space qodef-st-with-animation\" >\n\t<div class=\"qodef-st-inner\">\n\t\t\t\t\t<span class=\"qodef-st-tagline\" >\n\t\t\t\tla_experiencia_OSC\t\t\t<\/span>\n\t\t\t\t\t\t\t<div class=\"qodef-st-title-wrapper\">\n\t\t\t\t<h2 class=\"qodef-st-title\" >\n\t\t\t\t\tUbicaci\u00f3n Privilegiada\t\t\t\t<\/h2>\n\t\t\t<\/div>\n\t\t\t\t\t\t\t<div class=\"qodef-st-text-wrapper\">\n\t\t\t\t<p class=\"qodef-st-text\" style=\"margin-top: 22px\">\n\t\t\t\t\tEl skatepark de Onda fue dise\u00f1ado por rollers y construido por una empresa roller tambi\u00e9n, gradualmente el parque se ha ido mejorando de acuerdo con los deseos y necesidades de los usuarios. La Onda Summer Contest tiene el privilegio de ser la casa de los mejores riders nacionales, ven y vive la experiencia por ti mismo.\t\t\t\t<\/p>\n\t\t\t<\/div>\n\t\t\t<\/div>\n<\/div><div class=\"vc_empty_space\"   style=\"height: 44px\"><span class=\"vc_empty_space_inner\"><\/span><\/div><a itemprop=\"url\" href=\"https:\/\/docs.google.com\/forms\/d\/e\/1FAIpQLSfJK6IDPjL8kDPfrwiw_DEdgxIjBcNw-Z9qXacL64u5yWa6Aw\/viewform\" target=\"_blank\"  class=\"qodef-btn qodef-btn-large qodef-btn-solid qodef-with-svg-arrow\"  >\n    <span class=\"qodef-btn-text\">\n        <span class=\"qodef-btn-text-inner\">COMPRA TU ENTRADA<\/span>\n                    <svg class=\"qodef-svg-icon\" x=\"0px\" y=\"0px\" viewBox=\"0 0 5 8.7\" enable-background=\"new 0 0 5 8.7\" xml:space=\"preserve\" >\n                <path d=\"M0.3,7.6l3.2-3.3L0.3,1.1C0,0.8,0,0.6,0.3,0.3c0.3-0.3,0.5-0.3,0.8,0L4.7,4c0.1,0.1,0.2,0.2,0.2,0.4c0,0.2-0.1,0.3-0.2,0.4 \n                        L1.1,8.4c-0.3,0.3-0.5,0.3-0.8,0C0,8.2,0,7.9,0.3,7.6z\"\/>\n            <\/svg>\n            <\/span>\n    <\/a>\t\t<\/div>\n\t<\/div>\n\t\t\t<div class=\"qodef-eh-item-background\" style=\"background-color: #000000\"><\/div>\t\n\t<\/div><\/div><\/div><\/div><\/div><\/div><div class=\"vc_row wpb_row vc_row-fluid vc_custom_1529062384188\" ><div class=\"wpb_column vc_column_container vc_col-sm-12\"><div class=\"vc_column-inner\"><div class=\"wpb_wrapper\"><div class=\"qodef-image-gallery qodef-grid-list qodef-grid-masonry-list qodef-disable-bottom-space  qodef-ig-masonry-type qodef-four-columns qodef-tiny-space  qodef-image-behavior-lightbox\">\n\t<div class=\"qodef-ig-inner qodef-outer-space qodef-masonry-list-wrapper\">\n\t\t<div class=\"qodef-masonry-grid-sizer\"><\/div>\n\t\t<div class=\"qodef-masonry-grid-gutter\"><\/div>\n\t\t\t\t\t\t\t\t<div class=\"qodef-ig-image qodef-item-space \">\n\t\t\t\t<div class=\"qodef-ig-image-inner\">\n\t\t\t\t\t\t\t\t\t\t\t<a itemprop=\"image\" class=\"qodef-ig-lightbox\" href=\"https:\/\/www.ondasummercontest.com\/wp-content\/uploads\/2025\/06\/4-1.png\" data-rel=\"prettyPhoto[image_gallery_pretty_photo-313]\" title=\"4\">\n\t\t\t\t\t\t\t\t\t\t\t<img loading=\"lazy\" decoding=\"async\" width=\"467\" height=\"330\" src=\"https:\/\/www.ondasummercontest.com\/wp-content\/uploads\/2025\/06\/4-1.png\" class=\"attachment-full size-full\" alt=\"\" srcset=\"https:\/\/www.ondasummercontest.com\/wp-content\/uploads\/2025\/06\/4-1.png 467w, https:\/\/www.ondasummercontest.com\/wp-content\/uploads\/2025\/06\/4-1-300x212.png 300w, https:\/\/www.ondasummercontest.com\/wp-content\/uploads\/2025\/06\/4-1-18x12.png 18w\" sizes=\"auto, (max-width: 467px) 100vw, 467px\" \/>\t\t\t\t\t\t\t\t\t\t\t<\/a>\n\t\t\t\t\t\t\t\t\t<\/div>\n\t\t\t<\/div>\n\t\t\t\t\t\t\t\t<div class=\"qodef-ig-image qodef-item-space \">\n\t\t\t\t<div class=\"qodef-ig-image-inner\">\n\t\t\t\t\t\t\t\t\t\t\t<a itemprop=\"image\" class=\"qodef-ig-lightbox\" href=\"https:\/\/www.ondasummercontest.com\/wp-content\/uploads\/2025\/06\/15.png\" data-rel=\"prettyPhoto[image_gallery_pretty_photo-313]\" title=\"15\">\n\t\t\t\t\t\t\t\t\t\t\t<img loading=\"lazy\" decoding=\"async\" width=\"467\" height=\"330\" src=\"https:\/\/www.ondasummercontest.com\/wp-content\/uploads\/2025\/06\/15.png\" class=\"attachment-full size-full\" alt=\"\" srcset=\"https:\/\/www.ondasummercontest.com\/wp-content\/uploads\/2025\/06\/15.png 467w, https:\/\/www.ondasummercontest.com\/wp-content\/uploads\/2025\/06\/15-300x212.png 300w, https:\/\/www.ondasummercontest.com\/wp-content\/uploads\/2025\/06\/15-18x12.png 18w\" sizes=\"auto, (max-width: 467px) 100vw, 467px\" \/>\t\t\t\t\t\t\t\t\t\t\t<\/a>\n\t\t\t\t\t\t\t\t\t<\/div>\n\t\t\t<\/div>\n\t\t\t\t\t\t\t\t<div class=\"qodef-ig-image qodef-item-space \">\n\t\t\t\t<div class=\"qodef-ig-image-inner\">\n\t\t\t\t\t\t\t\t\t\t\t<a itemprop=\"image\" class=\"qodef-ig-lightbox\" href=\"https:\/\/www.ondasummercontest.com\/wp-content\/uploads\/2025\/06\/9.png\" data-rel=\"prettyPhoto[image_gallery_pretty_photo-313]\" title=\"9\">\n\t\t\t\t\t\t\t\t\t\t\t<img loading=\"lazy\" decoding=\"async\" width=\"467\" height=\"330\" src=\"https:\/\/www.ondasummercontest.com\/wp-content\/uploads\/2025\/06\/9.png\" class=\"attachment-full size-full\" alt=\"\" srcset=\"https:\/\/www.ondasummercontest.com\/wp-content\/uploads\/2025\/06\/9.png 467w, https:\/\/www.ondasummercontest.com\/wp-content\/uploads\/2025\/06\/9-300x212.png 300w, https:\/\/www.ondasummercontest.com\/wp-content\/uploads\/2025\/06\/9-18x12.png 18w\" sizes=\"auto, (max-width: 467px) 100vw, 467px\" \/>\t\t\t\t\t\t\t\t\t\t\t<\/a>\n\t\t\t\t\t\t\t\t\t<\/div>\n\t\t\t<\/div>\n\t\t\t\t\t\t\t\t<div class=\"qodef-ig-image qodef-item-space \">\n\t\t\t\t<div class=\"qodef-ig-image-inner\">\n\t\t\t\t\t\t\t\t\t\t\t<a itemprop=\"image\" class=\"qodef-ig-lightbox\" href=\"https:\/\/www.ondasummercontest.com\/wp-content\/uploads\/2025\/06\/11.png\" data-rel=\"prettyPhoto[image_gallery_pretty_photo-313]\" title=\"11\">\n\t\t\t\t\t\t\t\t\t\t\t<img loading=\"lazy\" decoding=\"async\" width=\"467\" height=\"330\" src=\"https:\/\/www.ondasummercontest.com\/wp-content\/uploads\/2025\/06\/11.png\" class=\"attachment-full size-full\" alt=\"\" srcset=\"https:\/\/www.ondasummercontest.com\/wp-content\/uploads\/2025\/06\/11.png 467w, https:\/\/www.ondasummercontest.com\/wp-content\/uploads\/2025\/06\/11-300x212.png 300w, https:\/\/www.ondasummercontest.com\/wp-content\/uploads\/2025\/06\/11-18x12.png 18w\" sizes=\"auto, (max-width: 467px) 100vw, 467px\" \/>\t\t\t\t\t\t\t\t\t\t\t<\/a>\n\t\t\t\t\t\t\t\t\t<\/div>\n\t\t\t<\/div>\n\t\t\t\t\t\t\t\t<div class=\"qodef-ig-image qodef-item-space \">\n\t\t\t\t<div class=\"qodef-ig-image-inner\">\n\t\t\t\t\t\t\t\t\t\t\t<a itemprop=\"image\" class=\"qodef-ig-lightbox\" href=\"https:\/\/www.ondasummercontest.com\/wp-content\/uploads\/2025\/06\/4.png\" data-rel=\"prettyPhoto[image_gallery_pretty_photo-313]\" title=\"4\">\n\t\t\t\t\t\t\t\t\t\t\t<img loading=\"lazy\" decoding=\"async\" width=\"467\" height=\"330\" src=\"https:\/\/www.ondasummercontest.com\/wp-content\/uploads\/2025\/06\/4.png\" class=\"attachment-full size-full\" alt=\"\" srcset=\"https:\/\/www.ondasummercontest.com\/wp-content\/uploads\/2025\/06\/4.png 467w, https:\/\/www.ondasummercontest.com\/wp-content\/uploads\/2025\/06\/4-300x212.png 300w, https:\/\/www.ondasummercontest.com\/wp-content\/uploads\/2025\/06\/4-18x12.png 18w\" sizes=\"auto, (max-width: 467px) 100vw, 467px\" \/>\t\t\t\t\t\t\t\t\t\t\t<\/a>\n\t\t\t\t\t\t\t\t\t<\/div>\n\t\t\t<\/div>\n\t\t\t\t\t\t\t\t<div class=\"qodef-ig-image qodef-item-space \">\n\t\t\t\t<div class=\"qodef-ig-image-inner\">\n\t\t\t\t\t\t\t\t\t\t\t<a itemprop=\"image\" class=\"qodef-ig-lightbox\" href=\"https:\/\/www.ondasummercontest.com\/wp-content\/uploads\/2025\/06\/1.png\" data-rel=\"prettyPhoto[image_gallery_pretty_photo-313]\" title=\"1\">\n\t\t\t\t\t\t\t\t\t\t\t<img loading=\"lazy\" decoding=\"async\" width=\"467\" height=\"330\" src=\"https:\/\/www.ondasummercontest.com\/wp-content\/uploads\/2025\/06\/1.png\" class=\"attachment-full size-full\" alt=\"\" srcset=\"https:\/\/www.ondasummercontest.com\/wp-content\/uploads\/2025\/06\/1.png 467w, https:\/\/www.ondasummercontest.com\/wp-content\/uploads\/2025\/06\/1-300x212.png 300w, https:\/\/www.ondasummercontest.com\/wp-content\/uploads\/2025\/06\/1-18x12.png 18w\" sizes=\"auto, (max-width: 467px) 100vw, 467px\" \/>\t\t\t\t\t\t\t\t\t\t\t<\/a>\n\t\t\t\t\t\t\t\t\t<\/div>\n\t\t\t<\/div>\n\t\t\t\t\t\t\t\t<div class=\"qodef-ig-image qodef-item-space \">\n\t\t\t\t<div class=\"qodef-ig-image-inner\">\n\t\t\t\t\t\t\t\t\t\t\t<a itemprop=\"image\" class=\"qodef-ig-lightbox\" href=\"https:\/\/www.ondasummercontest.com\/wp-content\/uploads\/2025\/06\/2.png\" data-rel=\"prettyPhoto[image_gallery_pretty_photo-313]\" title=\"2\">\n\t\t\t\t\t\t\t\t\t\t\t<img loading=\"lazy\" decoding=\"async\" width=\"467\" height=\"330\" src=\"https:\/\/www.ondasummercontest.com\/wp-content\/uploads\/2025\/06\/2.png\" class=\"attachment-full size-full\" alt=\"\" srcset=\"https:\/\/www.ondasummercontest.com\/wp-content\/uploads\/2025\/06\/2.png 467w, https:\/\/www.ondasummercontest.com\/wp-content\/uploads\/2025\/06\/2-300x212.png 300w, https:\/\/www.ondasummercontest.com\/wp-content\/uploads\/2025\/06\/2-18x12.png 18w\" sizes=\"auto, (max-width: 467px) 100vw, 467px\" \/>\t\t\t\t\t\t\t\t\t\t\t<\/a>\n\t\t\t\t\t\t\t\t\t<\/div>\n\t\t\t<\/div>\n\t\t\t\t\t\t\t\t<div class=\"qodef-ig-image qodef-item-space \">\n\t\t\t\t<div class=\"qodef-ig-image-inner\">\n\t\t\t\t\t\t\t\t\t\t\t<a itemprop=\"image\" class=\"qodef-ig-lightbox\" href=\"https:\/\/www.ondasummercontest.com\/wp-content\/uploads\/2025\/06\/7.png\" data-rel=\"prettyPhoto[image_gallery_pretty_photo-313]\" title=\"7\">\n\t\t\t\t\t\t\t\t\t\t\t<img loading=\"lazy\" decoding=\"async\" width=\"467\" height=\"330\" src=\"https:\/\/www.ondasummercontest.com\/wp-content\/uploads\/2025\/06\/7.png\" class=\"attachment-full size-full\" alt=\"\" srcset=\"https:\/\/www.ondasummercontest.com\/wp-content\/uploads\/2025\/06\/7.png 467w, https:\/\/www.ondasummercontest.com\/wp-content\/uploads\/2025\/06\/7-300x212.png 300w, https:\/\/www.ondasummercontest.com\/wp-content\/uploads\/2025\/06\/7-18x12.png 18w\" sizes=\"auto, (max-width: 467px) 100vw, 467px\" \/>\t\t\t\t\t\t\t\t\t\t\t<\/a>\n\t\t\t\t\t\t\t\t\t<\/div>\n\t\t\t<\/div>\n\t\t\t<\/div>\n<\/div><\/div><\/div><\/div><\/div><div class=\"vc_row wpb_row vc_row-fluid\" ><div class=\"wpb_column vc_column_container vc_col-sm-12\"><div class=\"vc_column-inner\"><div class=\"wpb_wrapper\"><div class=\"qodef-google-map-holder\">\n\t<div class=\"qodef-google-map\" id=\"qodef-map-2941142\" data-addresses='[\"Calle Segorbe 14, 12200, Onda, Castell\u00f3n, Spain\"]' data-custom-map-style=no data-color-overlay=#393939 data-saturation=-100 data-lightness=-60 data-zoom=10 data-pin=https:\/\/www.ondasummercontest.com\/wp-content\/themes\/wellexpo\/assets\/img\/pin.png data-unique-id=2941142 data-scroll-wheel=yes data-height=600 ><\/div>\n\t\t<\/div>\n<\/div><\/div><\/div><\/div>\n<\/div>","protected":false},"excerpt":{"rendered":"100% Roller Park El primer skatepark construido por rollers para rollers de Espa\u00f1a. Bar y WC Bebidas fr\u00edas y comida en nuestro bar para hacer tu experiencia m\u00e1s satisfactoria, adem\u00e1s de ba\u00f1os y duchas. Qu\u00e9 m\u00e1s necesitas? Area Market Adquiere los \u00faltimos productos de marcas propiedad de patinadores en nuestro market, apoyando a la industria local. la_experiencia_OSC Ubicaci\u00f3n Privilegiada El skatepark de Onda fue dise\u00f1ado por rollers y construido por una empresa roller tambi\u00e9n, gradualmente el parque se ha ido [...]","protected":false},"author":1,"featured_media":0,"parent":0,"menu_order":0,"comment_status":"closed","ping_status":"closed","template":"full-width.php","meta":{"footnotes":""},"class_list":["post-392","page","type-page","status-publish","hentry"],"_links":{"self":[{"href":"https:\/\/www.ondasummercontest.com\/index.php\/wp-json\/wp\/v2\/pages\/392","targetHints":{"allow":["GET"]}}],"collection":[{"href":"https:\/\/www.ondasummercontest.com\/index.php\/wp-json\/wp\/v2\/pages"}],"about":[{"href":"https:\/\/www.ondasummercontest.com\/index.php\/wp-json\/wp\/v2\/types\/page"}],"author":[{"embeddable":true,"href":"https:\/\/www.ondasummercontest.com\/index.php\/wp-json\/wp\/v2\/users\/1"}],"replies":[{"embeddable":true,"href":"https:\/\/www.ondasummercontest.com\/index.php\/wp-json\/wp\/v2\/comments?post=392"}],"version-history":[{"count":20,"href":"https:\/\/www.ondasummercontest.com\/index.php\/wp-json\/wp\/v2\/pages\/392\/revisions"}],"predecessor-version":[{"id":3918,"href":"https:\/\/www.ondasummercontest.com\/index.php\/wp-json\/wp\/v2\/pages\/392\/revisions\/3918"}],"wp:attachment":[{"href":"https:\/\/www.ondasummercontest.com\/index.php\/wp-json\/wp\/v2\/media?parent=392"}],"curies":[{"name":"wp","href":"https:\/\/api.w.org\/{rel}","templated":true}]}}