{"id":3924,"date":"2025-08-01T10:51:26","date_gmt":"2025-08-01T08:51:26","guid":{"rendered":"https:\/\/www.ondasummercontest.com\/?page_id=3924"},"modified":"2025-08-01T11:00:06","modified_gmt":"2025-08-01T09:00:06","slug":"sesion-de-bienvenida","status":"publish","type":"page","link":"https:\/\/www.ondasummercontest.com\/index.php\/sesion-de-bienvenida\/","title":{"rendered":"Sesi\u00f3n de Bienvenida"},"content":{"rendered":"<div class=\"wpb-content-wrapper\"><div class=\"vc_row wpb_row vc_row-fluid\" ><div class=\"wpb_column vc_column_container vc_col-sm-12\"><div class=\"vc_column-inner\"><div class=\"wpb_wrapper\"><div class=\"qodef-elements-holder   qodef-two-columns  qodef-responsive-mode-768 \" ><div class=\"qodef-eh-item     \" data-item-class=\"qodef-eh-custom-7129\">\n\t\t<div class=\"qodef-eh-item-inner\">\n\t\t<div class=\"qodef-eh-item-content qodef-eh-custom-7129\" style=\"padding: 50px\">\n\t\t\t\n\t<div class=\"wpb_text_column wpb_content_element\" >\n\t\t<div class=\"wpb_wrapper\">\n\t\t\t<h3><strong>JUEVES 14 AGOSTO &#8211; 19:00<\/strong><\/h3>\n<p><span data-sheets-root=\"1\">\u00a1Arrancamos el <strong>Onda Summer Contest<\/strong> con una sesi\u00f3n legendaria!<\/span><\/p>\n<p><span data-sheets-root=\"1\"><strong>\u00abTricks for Tokens\u00bb<\/strong> es nuestro ritual de bienvenida: una jam session abierta donde los riders tendr\u00e1n que superar una serie de retos en el skatepark para ganar tokens que podr\u00e1n intercambiar por refrescos, merchandising, regalos sorpresa y m\u00e1s.<\/span><\/p>\n<p>\u00bfEl formato? F\u00e1cil: un speaker lanza desaf\u00edos al aire, t\u00fa los clavas y&#8230; \u00a1tokens a la buchaca!<br \/>\nAlgunos ejemplos:<\/p>\n<ul>\n<li>Grindar un caj\u00f3n con un solo pie<\/li>\n<li>Hacer un manual de punta a punta del park<\/li>\n<li>Saltar m\u00e1s de 1 metro desde el suelo<\/li>\n<li>El 360 m\u00e1s alto<\/li>\n<\/ul>\n<p>No importa si eres pro o amateur, aqu\u00ed lo que cuenta es la creatividad, el estilo y las ganas de pasarlo bien.<\/p>\n<p><strong><span style=\"color: #ff0000;\">IMPORTANTE<\/span><\/strong>:<\/p>\n<p>Los tokens que consigas durante esta sesi\u00f3n tambi\u00e9n estar\u00e1n activos en el resto de competiciones del fin de semana. Gu\u00e1rdalos bien\u2026 \u00a1te pueden dar desde una bebida fresquita hasta acceso a premios exclusivos!<\/p>\n\n\t\t<\/div>\n\t<\/div>\n\t\t<\/div>\n\t<\/div>\n\t\t\t<div class=\"qodef-eh-item-background\" style=\"background-color: #FFFFFF\"><\/div>\t\n\t<\/div><\/div><\/div><\/div><\/div><\/div>\n<\/div>","protected":false},"excerpt":{"rendered":"JUEVES 14 AGOSTO - 19:00 \u00a1Arrancamos el Onda Summer Contest con una sesi\u00f3n legendaria! \"Tricks for Tokens\" es nuestro ritual de bienvenida: una jam session abierta donde los riders tendr\u00e1n que superar una serie de retos en el skatepark para ganar tokens que podr\u00e1n intercambiar por refrescos, merchandising, regalos sorpresa y m\u00e1s. \u00bfEl formato? F\u00e1cil: un speaker lanza desaf\u00edos al aire, t\u00fa los clavas y... \u00a1tokens a la buchaca! Algunos ejemplos: Grindar un caj\u00f3n con un solo pie Hacer un [...]","protected":false},"author":1,"featured_media":0,"parent":0,"menu_order":0,"comment_status":"closed","ping_status":"closed","template":"full-width.php","meta":{"footnotes":""},"class_list":["post-3924","page","type-page","status-publish","hentry"],"_links":{"self":[{"href":"https:\/\/www.ondasummercontest.com\/index.php\/wp-json\/wp\/v2\/pages\/3924","targetHints":{"allow":["GET"]}}],"collection":[{"href":"https:\/\/www.ondasummercontest.com\/index.php\/wp-json\/wp\/v2\/pages"}],"about":[{"href":"https:\/\/www.ondasummercontest.com\/index.php\/wp-json\/wp\/v2\/types\/page"}],"author":[{"embeddable":true,"href":"https:\/\/www.ondasummercontest.com\/index.php\/wp-json\/wp\/v2\/users\/1"}],"replies":[{"embeddable":true,"href":"https:\/\/www.ondasummercontest.com\/index.php\/wp-json\/wp\/v2\/comments?post=3924"}],"version-history":[{"count":6,"href":"https:\/\/www.ondasummercontest.com\/index.php\/wp-json\/wp\/v2\/pages\/3924\/revisions"}],"predecessor-version":[{"id":3930,"href":"https:\/\/www.ondasummercontest.com\/index.php\/wp-json\/wp\/v2\/pages\/3924\/revisions\/3930"}],"wp:attachment":[{"href":"https:\/\/www.ondasummercontest.com\/index.php\/wp-json\/wp\/v2\/media?parent=3924"}],"curies":[{"name":"wp","href":"https:\/\/api.w.org\/{rel}","templated":true}]}}