{"id":3932,"date":"2025-08-01T11:08:12","date_gmt":"2025-08-01T09:08:12","guid":{"rendered":"https:\/\/www.ondasummercontest.com\/?page_id=3932"},"modified":"2025-08-01T11:08:12","modified_gmt":"2025-08-01T09:08:12","slug":"onda-summer-cup","status":"publish","type":"page","link":"https:\/\/www.ondasummercontest.com\/index.php\/onda-summer-cup\/","title":{"rendered":"Onda Summer Cup"},"content":{"rendered":"<div class=\"wpb-content-wrapper\"><div class=\"vc_row wpb_row vc_row-fluid\" ><div class=\"wpb_column vc_column_container vc_col-sm-12\"><div class=\"vc_column-inner\"><div class=\"wpb_wrapper\"><div class=\"qodef-elements-holder   qodef-two-columns  qodef-responsive-mode-768 \" ><div class=\"qodef-eh-item     \" data-item-class=\"qodef-eh-custom-7136\">\n\t\t<div class=\"qodef-eh-item-inner\">\n\t\t<div class=\"qodef-eh-item-content qodef-eh-custom-7136\" style=\"padding: 50px\">\n\t\t\t\n\t<div class=\"wpb_text_column wpb_content_element\" >\n\t\t<div class=\"wpb_wrapper\">\n\t\t\t<h3><strong>Onda Summer Cup &#8211; Competici\u00f3n Junior<\/strong><\/h3>\n<p>El futuro del roller est\u00e1 aqu\u00ed.<\/p>\n<p>La <strong>Onda Summer CUP<\/strong> es la competici\u00f3n dedicada a las nuevas generaciones de riders que ya est\u00e1n rompiendo moldes. Si tienes menos de 18 a\u00f1os y te apasiona el patinaje agresivo, este es tu momento para brillar.<\/p>\n<p><strong>CATEGOR\u00cdAS:<\/strong><\/p>\n<ul>\n<li>U10 (menores de 10 a\u00f1os)<\/li>\n<li>U14 (de 10 a 13 a\u00f1os)<\/li>\n<li>U19 (de 14 a 18 a\u00f1os)<\/li>\n<\/ul>\n<p><strong>FORMATO<\/strong>: Word Rolling Series<\/p>\n<ul>\n<li>Cada rider tiene 4 salidas para darlo todo.<\/li>\n<li>Cada salida dura 30 segundos o hasta que te caigas. \u00a1As\u00ed que elige bien el momento y saca tus mejores trucos!<\/li>\n<li>Todas las salidas punt\u00faan, y la nota final se calcula sobre 100 puntos.<\/li>\n<\/ul>\n<p><strong>SKATEPARK COMPLETO:<\/strong><\/p>\n<ul>\n<li>Se puede usar todo el skatepark, as\u00ed que aprovecha el espacio, conecta l\u00edneas, combina obst\u00e1culos y demuestra tu creatividad sobre ruedas.<\/li>\n<\/ul>\n<p><strong>OBJETIVO:<\/strong><\/p>\n<ul>\n<li>Estilo, dificultad, fluidez, uso del espacio y actitud. \u00a1La Onda Summer CUP es m\u00e1s que una competici\u00f3n, es una declaraci\u00f3n de futuro!<\/li>\n<\/ul>\n\n\t\t<\/div>\n\t<\/div>\n\t\t<\/div>\n\t<\/div>\n\t\t\t<div class=\"qodef-eh-item-background\" style=\"background-color: #FFFFFF\"><\/div>\t\n\t<\/div><\/div><\/div><\/div><\/div><\/div>\n<\/div>","protected":false},"excerpt":{"rendered":"Onda Summer Cup - Competici\u00f3n Junior El futuro del roller est\u00e1 aqu\u00ed. La Onda Summer CUP es la competici\u00f3n dedicada a las nuevas generaciones de riders que ya est\u00e1n rompiendo moldes. Si tienes menos de 18 a\u00f1os y te apasiona el patinaje agresivo, este es tu momento para brillar. CATEGOR\u00cdAS: U10 (menores de 10 a\u00f1os) U14 (de 10 a 13 a\u00f1os) U19 (de 14 a 18 a\u00f1os) FORMATO: Word Rolling Series Cada rider tiene 4 salidas para darlo todo. Cada [...]","protected":false},"author":1,"featured_media":0,"parent":0,"menu_order":0,"comment_status":"closed","ping_status":"closed","template":"full-width.php","meta":{"footnotes":""},"class_list":["post-3932","page","type-page","status-publish","hentry"],"_links":{"self":[{"href":"https:\/\/www.ondasummercontest.com\/index.php\/wp-json\/wp\/v2\/pages\/3932","targetHints":{"allow":["GET"]}}],"collection":[{"href":"https:\/\/www.ondasummercontest.com\/index.php\/wp-json\/wp\/v2\/pages"}],"about":[{"href":"https:\/\/www.ondasummercontest.com\/index.php\/wp-json\/wp\/v2\/types\/page"}],"author":[{"embeddable":true,"href":"https:\/\/www.ondasummercontest.com\/index.php\/wp-json\/wp\/v2\/users\/1"}],"replies":[{"embeddable":true,"href":"https:\/\/www.ondasummercontest.com\/index.php\/wp-json\/wp\/v2\/comments?post=3932"}],"version-history":[{"count":1,"href":"https:\/\/www.ondasummercontest.com\/index.php\/wp-json\/wp\/v2\/pages\/3932\/revisions"}],"predecessor-version":[{"id":3933,"href":"https:\/\/www.ondasummercontest.com\/index.php\/wp-json\/wp\/v2\/pages\/3932\/revisions\/3933"}],"wp:attachment":[{"href":"https:\/\/www.ondasummercontest.com\/index.php\/wp-json\/wp\/v2\/media?parent=3932"}],"curies":[{"name":"wp","href":"https:\/\/api.w.org\/{rel}","templated":true}]}}