{"id":3942,"date":"2025-08-01T11:21:51","date_gmt":"2025-08-01T09:21:51","guid":{"rendered":"https:\/\/www.ondasummercontest.com\/?page_id=3942"},"modified":"2025-08-01T11:21:51","modified_gmt":"2025-08-01T09:21:51","slug":"spot-jam","status":"publish","type":"page","link":"https:\/\/www.ondasummercontest.com\/index.php\/spot-jam\/","title":{"rendered":"Spot Jam"},"content":{"rendered":"<div class=\"wpb-content-wrapper\"><div class=\"vc_row wpb_row vc_row-fluid\" ><div class=\"wpb_column vc_column_container vc_col-sm-12\"><div class=\"vc_column-inner\"><div class=\"wpb_wrapper\"><div class=\"qodef-elements-holder   qodef-two-columns  qodef-responsive-mode-768 \" ><div class=\"qodef-eh-item     \" data-item-class=\"qodef-eh-custom-5020\">\n\t\t<div class=\"qodef-eh-item-inner\">\n\t\t<div class=\"qodef-eh-item-content qodef-eh-custom-5020\" style=\"padding: 50px\">\n\t\t\t\n\t<div class=\"wpb_text_column wpb_content_element\" >\n\t\t<div class=\"wpb_wrapper\">\n\t\t\t<h3><span data-sheets-root=\"1\"><strong>S\u00c1BADO 16 AGOSTO &#8211; 11:00h<\/strong><\/span><\/h3>\n<p><span data-sheets-root=\"1\">SPOT JAM \u2013 X-Battle<br \/>\n<\/span><\/p>\n<p><span data-sheets-root=\"1\">Directo desde la esencia del patinaje callejero, llega SPOT JAM \u2013 X-Battle<\/span><\/p>\n<p><span data-sheets-root=\"1\">Un formato salvaje, sin filtros, sin presiones\u2026 solo t\u00fa, el obst\u00e1culo y todo lo que llevas dentro.<\/span><\/p>\n<p><strong>FORMATO<\/strong>:<\/p>\n<ul>\n<li>Grupos de 5 o 6 patinadores<\/li>\n<li>3 obst\u00e1culos diferentes a lo largo de la jam<\/li>\n<li>En cada uno, tiempo libre para patinar a tu manera: sin orden, sin turnos fijos.<\/li>\n<li>Creatividad, t\u00e9cnica, agresividad, flow\u2026 todo cuenta si lo haces con actitud.<\/li>\n<\/ul>\n<p>Inspirado en las m\u00edticas X Battles, este formato revive el esp\u00edritu de las sesiones callejeras m\u00e1s aut\u00e9nticas.<\/p>\n<p>Cada obst\u00e1culo es un escenario, y cada rider tiene su momento para dejar huella.<\/p>\n<p>CATEGOR\u00cdA \u00daNICA:<\/p>\n<ul>\n<li>Premios para los mejores masculinos y femeninos.<\/li>\n<li>Aqu\u00ed no hay excusas: es tu estilo el que marca la diferencia.<\/li>\n<\/ul>\n<p>M\u00fasica sonando, el speaker subiendo la temperatura y el p\u00fablico pegado al spot como en una batalla callejera.<\/p>\n<p>SPOT JAM es calle pura, es respeto ganado a base de trucos. Es rollerblading en su estado m\u00e1s real.<\/p>\n\n\t\t<\/div>\n\t<\/div>\n\t\t<\/div>\n\t<\/div>\n\t\t\t<div class=\"qodef-eh-item-background\" style=\"background-color: #FFFFFF\"><\/div>\t\n\t<\/div><\/div><\/div><\/div><\/div><\/div>\n<\/div>","protected":false},"excerpt":{"rendered":"S\u00c1BADO 16 AGOSTO - 11:00h SPOT JAM \u2013 X-Battle Directo desde la esencia del patinaje callejero, llega SPOT JAM \u2013 X-Battle Un formato salvaje, sin filtros, sin presiones\u2026 solo t\u00fa, el obst\u00e1culo y todo lo que llevas dentro. FORMATO: Grupos de 5 o 6 patinadores 3 obst\u00e1culos diferentes a lo largo de la jam En cada uno, tiempo libre para patinar a tu manera: sin orden, sin turnos fijos. Creatividad, t\u00e9cnica, agresividad, flow\u2026 todo cuenta si lo haces con actitud. [...]","protected":false},"author":1,"featured_media":0,"parent":0,"menu_order":0,"comment_status":"closed","ping_status":"closed","template":"full-width.php","meta":{"footnotes":""},"class_list":["post-3942","page","type-page","status-publish","hentry"],"_links":{"self":[{"href":"https:\/\/www.ondasummercontest.com\/index.php\/wp-json\/wp\/v2\/pages\/3942","targetHints":{"allow":["GET"]}}],"collection":[{"href":"https:\/\/www.ondasummercontest.com\/index.php\/wp-json\/wp\/v2\/pages"}],"about":[{"href":"https:\/\/www.ondasummercontest.com\/index.php\/wp-json\/wp\/v2\/types\/page"}],"author":[{"embeddable":true,"href":"https:\/\/www.ondasummercontest.com\/index.php\/wp-json\/wp\/v2\/users\/1"}],"replies":[{"embeddable":true,"href":"https:\/\/www.ondasummercontest.com\/index.php\/wp-json\/wp\/v2\/comments?post=3942"}],"version-history":[{"count":1,"href":"https:\/\/www.ondasummercontest.com\/index.php\/wp-json\/wp\/v2\/pages\/3942\/revisions"}],"predecessor-version":[{"id":3944,"href":"https:\/\/www.ondasummercontest.com\/index.php\/wp-json\/wp\/v2\/pages\/3942\/revisions\/3944"}],"wp:attachment":[{"href":"https:\/\/www.ondasummercontest.com\/index.php\/wp-json\/wp\/v2\/media?parent=3942"}],"curies":[{"name":"wp","href":"https:\/\/api.w.org\/{rel}","templated":true}]}}