{"id":3946,"date":"2025-08-01T11:25:14","date_gmt":"2025-08-01T09:25:14","guid":{"rendered":"https:\/\/www.ondasummercontest.com\/?page_id=3946"},"modified":"2025-08-01T11:25:14","modified_gmt":"2025-08-01T09:25:14","slug":"reels-contest-y-pista-libre","status":"publish","type":"page","link":"https:\/\/www.ondasummercontest.com\/index.php\/reels-contest-y-pista-libre\/","title":{"rendered":"Reels Contest y Pista Libre"},"content":{"rendered":"<div class=\"wpb-content-wrapper\"><div class=\"vc_row wpb_row vc_row-fluid\" ><div class=\"wpb_column vc_column_container vc_col-sm-12\"><div class=\"vc_column-inner\"><div class=\"wpb_wrapper\"><div class=\"qodef-elements-holder   qodef-two-columns  qodef-responsive-mode-768 \" ><div class=\"qodef-eh-item     \" data-item-class=\"qodef-eh-custom-7075\">\n\t\t<div class=\"qodef-eh-item-inner\">\n\t\t<div class=\"qodef-eh-item-content qodef-eh-custom-7075\" style=\"padding: 50px\">\n\t\t\t\n\t<div class=\"wpb_text_column wpb_content_element\" >\n\t\t<div class=\"wpb_wrapper\">\n\t\t\t<p><span data-sheets-root=\"1\"><b>FORMATO ONLINE<\/b><\/span><\/p>\n<p><span data-sheets-root=\"1\">The Summer Tapes \u2013 Reel Contest<\/span><\/p>\n<p><span data-sheets-root=\"1\">Porque los mejores recuerdos no se quedan solo en la memoria&#8230; se graban.<\/span><\/p>\n<p><span data-sheets-root=\"1\">Nace The Summer Tapes, el concurso oficial de reels del Onda Summer Contest.<\/span><\/p>\n<p><span data-sheets-root=\"1\">Tu misi\u00f3n: capturar la magia del evento desde dentro, con estilo y creatividad.<\/span><\/p>\n<p><strong>\u00bfC\u00d3MO PARTICIPAR?<\/strong><\/p>\n<p>B\u00fascate un filmer de confianza o tira de ese colega con buen ojo (y buen m\u00f3vil).<\/p>\n<p>Graba tus mejores momentos durante el finde: trucos, vibes, risas, lo que sea.<\/p>\n<p>Edita un v\u00eddeo de m\u00ednimo 1:30 minutos<\/p>\n<p>S\u00fabelo a Instagram en formato Reel<\/p>\n<p>Etiqu\u00e9tanos: @ondasummercontest y usa el hashtag #TheSummerTapes<\/p>\n<p><strong>\u00bfQU\u00c9 BUSCAMOS?<\/strong><\/p>\n<p>Creatividad, nivel, ritmo, est\u00e9tica y sobre todo\u2026 el esp\u00edritu del Onda Summer Contest.<\/p>\n<p>Puede ser \u00e9pico, divertido, est\u00e9tico, old school, experimental\u2026 t\u00fa decides el mood.<\/p>\n<p><strong>Premiaremos los reels m\u00e1s potentes del festival.<\/strong><\/p>\n<p>As\u00ed que dale al rec y haz que tu visi\u00f3n de Onda quede para la historia.<\/p>\n\n\t\t<\/div>\n\t<\/div>\n\t\t<\/div>\n\t<\/div>\n\t\t\t<div class=\"qodef-eh-item-background\" style=\"background-color: #FFFFFF\"><\/div>\t\n\t<\/div><\/div><\/div><\/div><\/div><\/div>\n<\/div>","protected":false},"excerpt":{"rendered":"FORMATO ONLINE The Summer Tapes \u2013 Reel Contest Porque los mejores recuerdos no se quedan solo en la memoria... se graban. Nace The Summer Tapes, el concurso oficial de reels del Onda Summer Contest. Tu misi\u00f3n: capturar la magia del evento desde dentro, con estilo y creatividad. \u00bfC\u00d3MO PARTICIPAR? B\u00fascate un filmer de confianza o tira de ese colega con buen ojo (y buen m\u00f3vil). Graba tus mejores momentos durante el finde: trucos, vibes, risas, lo que sea. Edita un [...]","protected":false},"author":1,"featured_media":0,"parent":0,"menu_order":0,"comment_status":"closed","ping_status":"closed","template":"full-width.php","meta":{"footnotes":""},"class_list":["post-3946","page","type-page","status-publish","hentry"],"_links":{"self":[{"href":"https:\/\/www.ondasummercontest.com\/index.php\/wp-json\/wp\/v2\/pages\/3946","targetHints":{"allow":["GET"]}}],"collection":[{"href":"https:\/\/www.ondasummercontest.com\/index.php\/wp-json\/wp\/v2\/pages"}],"about":[{"href":"https:\/\/www.ondasummercontest.com\/index.php\/wp-json\/wp\/v2\/types\/page"}],"author":[{"embeddable":true,"href":"https:\/\/www.ondasummercontest.com\/index.php\/wp-json\/wp\/v2\/users\/1"}],"replies":[{"embeddable":true,"href":"https:\/\/www.ondasummercontest.com\/index.php\/wp-json\/wp\/v2\/comments?post=3946"}],"version-history":[{"count":1,"href":"https:\/\/www.ondasummercontest.com\/index.php\/wp-json\/wp\/v2\/pages\/3946\/revisions"}],"predecessor-version":[{"id":3947,"href":"https:\/\/www.ondasummercontest.com\/index.php\/wp-json\/wp\/v2\/pages\/3946\/revisions\/3947"}],"wp:attachment":[{"href":"https:\/\/www.ondasummercontest.com\/index.php\/wp-json\/wp\/v2\/media?parent=3946"}],"curies":[{"name":"wp","href":"https:\/\/api.w.org\/{rel}","templated":true}]}}