{"id":3949,"date":"2025-08-01T11:28:14","date_gmt":"2025-08-01T09:28:14","guid":{"rendered":"https:\/\/www.ondasummercontest.com\/?page_id=3949"},"modified":"2025-08-01T11:28:14","modified_gmt":"2025-08-01T09:28:14","slug":"media-partnership-2","status":"publish","type":"page","link":"https:\/\/www.ondasummercontest.com\/index.php\/media-partnership-2\/","title":{"rendered":"Media Partnership"},"content":{"rendered":"<div class=\"wpb-content-wrapper\"><div class=\"vc_row wpb_row vc_row-fluid\" ><div class=\"wpb_column vc_column_container vc_col-sm-12\"><div class=\"vc_column-inner\"><div class=\"wpb_wrapper\"><div class=\"qodef-elements-holder   qodef-two-columns  qodef-responsive-mode-768 \" ><div class=\"qodef-eh-item     \" data-item-class=\"qodef-eh-custom-1007\">\n\t\t<div class=\"qodef-eh-item-inner\">\n\t\t<div class=\"qodef-eh-item-content qodef-eh-custom-1007\" style=\"padding: 50px\">\n\t\t\t\n\t<div class=\"wpb_text_column wpb_content_element\" >\n\t\t<div class=\"wpb_wrapper\">\n\t\t\t<h3><\/h3>\n<p><strong>\u00bfQuieres hacer fotos o v\u00eddeos en el Onda Summer Contest?<\/strong><\/p>\n<p>Si tienes pensado grabar o hacer fotos durante el evento, necesitas un pase de media oficial.<\/p>\n<p>Queremos que todos los creadores de contenido trabajen con libertad y comodidad, pero tambi\u00e9n con seguridad y respeto al entorno del evento y a los riders. Por eso, este a\u00f1o organizamos todo a trav\u00e9s de un sistema de acreditaciones.<\/p>\n<p>\u00bfC\u00f3mo conseguir tu pase?<\/p>\n<p>Muy f\u00e1cil:<\/p>\n<ul>\n<li>Rellena el formulario que tienes m\u00e1s abajo.<\/li>\n<li>\u00a0Revisaremos tu solicitud y te daremos una respuesta lo antes posible.<\/li>\n<\/ul>\n<h3 class=\"wp-block-heading\"> <\/h3>\n<p>\u00bfQu\u00e9 incluye el pase de media?<\/p>\n<ul>\n<li>Acceso a zonas exclusivas para grabar y fotografiar.<\/li>\n<li>Reconocimiento como colaborador\/a oficial del evento.<\/li>\n<li>Promoci\u00f3n y difusi\u00f3n de tu contenido en nuestras redes (si as\u00ed lo deseas).<\/li>\n<\/ul>\n<h3> <\/h3>\n<p>Ya seas profesional, amateur o simplemente alguien con buen ojo, si quieres formar parte de la cobertura visual del Onda Summer Contest, hazlo bien: pide tu pase.<\/p>\n<h3> <\/h3>\n<p>\ud83d\udc47 <a href=\"https:\/\/forms.gle\/LWDJ6UbqnWouxe4z6\">https:\/\/forms.gle\/LWDJ6UbqnWouxe4z6<\/a><\/p>\n\n\t\t<\/div>\n\t<\/div>\n\t\t<\/div>\n\t<\/div>\n\t\t\t<div class=\"qodef-eh-item-background\" style=\"background-color: #FFFFFF\"><\/div>\t\n\t<\/div><\/div><\/div><\/div><\/div><\/div><\/div>","protected":false},"excerpt":{"rendered":"\u00bfQuieres hacer fotos o v\u00eddeos en el Onda Summer Contest? Si tienes pensado grabar o hacer fotos durante el evento, necesitas un pase de media oficial. Queremos que todos los creadores de contenido trabajen con libertad y comodidad, pero tambi\u00e9n con seguridad y respeto al entorno del evento y a los riders. Por eso, este a\u00f1o organizamos todo a trav\u00e9s de un sistema de acreditaciones. \u00bfC\u00f3mo conseguir tu pase? Muy f\u00e1cil: Rellena el formulario que tienes m\u00e1s abajo. \u00a0Revisaremos tu [...]","protected":false},"author":1,"featured_media":0,"parent":0,"menu_order":0,"comment_status":"closed","ping_status":"closed","template":"full-width.php","meta":{"footnotes":""},"class_list":["post-3949","page","type-page","status-publish","hentry"],"_links":{"self":[{"href":"https:\/\/www.ondasummercontest.com\/index.php\/wp-json\/wp\/v2\/pages\/3949","targetHints":{"allow":["GET"]}}],"collection":[{"href":"https:\/\/www.ondasummercontest.com\/index.php\/wp-json\/wp\/v2\/pages"}],"about":[{"href":"https:\/\/www.ondasummercontest.com\/index.php\/wp-json\/wp\/v2\/types\/page"}],"author":[{"embeddable":true,"href":"https:\/\/www.ondasummercontest.com\/index.php\/wp-json\/wp\/v2\/users\/1"}],"replies":[{"embeddable":true,"href":"https:\/\/www.ondasummercontest.com\/index.php\/wp-json\/wp\/v2\/comments?post=3949"}],"version-history":[{"count":1,"href":"https:\/\/www.ondasummercontest.com\/index.php\/wp-json\/wp\/v2\/pages\/3949\/revisions"}],"predecessor-version":[{"id":3950,"href":"https:\/\/www.ondasummercontest.com\/index.php\/wp-json\/wp\/v2\/pages\/3949\/revisions\/3950"}],"wp:attachment":[{"href":"https:\/\/www.ondasummercontest.com\/index.php\/wp-json\/wp\/v2\/media?parent=3949"}],"curies":[{"name":"wp","href":"https:\/\/api.w.org\/{rel}","templated":true}]}}