{"id":572,"date":"2018-06-18T13:09:42","date_gmt":"2018-06-18T13:09:42","guid":{"rendered":"http:\/\/wellexpo.select-themes.com\/?page_id=572"},"modified":"2025-06-20T18:31:39","modified_gmt":"2025-06-20T16:31:39","slug":"sobre-la-osc","status":"publish","type":"page","link":"https:\/\/www.ondasummercontest.com\/index.php\/sobre-la-osc\/","title":{"rendered":"Sobre la OSC"},"content":{"rendered":"<div class=\"wpb-content-wrapper\"><div class=\"vc_row wpb_row vc_row-fluid\" ><div class=\"wpb_column vc_column_container vc_col-sm-12\"><div class=\"vc_column-inner\"><div class=\"wpb_wrapper\">\n\t<div  class=\"wpb_single_image wpb_content_element vc_align_center wpb_content_element\">\n\t\t\n\t\t<figure class=\"wpb_wrapper vc_figure\">\n\t\t\t<div class=\"vc_single_image-wrapper   vc_box_border_grey\"><img loading=\"lazy\" decoding=\"async\" width=\"1600\" height=\"450\" src=\"https:\/\/www.ondasummercontest.com\/wp-content\/uploads\/2025\/06\/bannew-web-v2.jpeg\" class=\"vc_single_image-img attachment-full\" alt=\"\" title=\"bannew web v2\" srcset=\"https:\/\/www.ondasummercontest.com\/wp-content\/uploads\/2025\/06\/bannew-web-v2.jpeg 1600w, https:\/\/www.ondasummercontest.com\/wp-content\/uploads\/2025\/06\/bannew-web-v2-300x84.jpeg 300w, https:\/\/www.ondasummercontest.com\/wp-content\/uploads\/2025\/06\/bannew-web-v2-1024x288.jpeg 1024w, https:\/\/www.ondasummercontest.com\/wp-content\/uploads\/2025\/06\/bannew-web-v2-768x216.jpeg 768w, https:\/\/www.ondasummercontest.com\/wp-content\/uploads\/2025\/06\/bannew-web-v2-1536x432.jpeg 1536w, https:\/\/www.ondasummercontest.com\/wp-content\/uploads\/2025\/06\/bannew-web-v2-18x5.jpeg 18w\" sizes=\"auto, (max-width: 1600px) 100vw, 1600px\" \/><\/div>\n\t\t<\/figure>\n\t<\/div>\n<\/div><\/div><\/div><\/div><div class=\"vc_row wpb_row vc_row-fluid\" ><div class=\"wpb_column vc_column_container vc_col-sm-6 vc_col-lg-offset-0 vc_col-lg-3 vc_col-md-offset-0 vc_col-md-3 vc_col-sm-offset-0 vc_col-xs-12\"><div class=\"vc_column-inner vc_custom_1531208263646\"><div class=\"wpb_wrapper\"><div class=\"qodef-elements-holder   qodef-four-columns  qodef-responsive-mode-768 \" ><div class=\"qodef-eh-item     \" data-item-class=\"qodef-eh-custom-7831\" data-1367-1600=\"12px 6px 11px 12px\" data-769-1024=\"11px 7px 11px 7px\" data-681-768=\"21px 10px 10px 10px\" data-680=\"10px 10px 10px 10px\">\n\t\t<div class=\"qodef-eh-item-inner\">\n\t\t<div class=\"qodef-eh-item-content qodef-eh-custom-7831\" style=\"padding: 11px 7px 11px 12px\">\n\t\t\t<div class=\"qodef-banner-holder  qodef-visible-on-default qodef-banner-info-default\">\n    <div class=\"qodef-banner-image\">\n        <img loading=\"lazy\" decoding=\"async\" width=\"467\" height=\"330\" src=\"https:\/\/www.ondasummercontest.com\/wp-content\/uploads\/2025\/06\/1-1.png\" class=\"attachment-full size-full\" alt=\"\" srcset=\"https:\/\/www.ondasummercontest.com\/wp-content\/uploads\/2025\/06\/1-1.png 467w, https:\/\/www.ondasummercontest.com\/wp-content\/uploads\/2025\/06\/1-1-300x212.png 300w, https:\/\/www.ondasummercontest.com\/wp-content\/uploads\/2025\/06\/1-1-18x12.png 18w\" sizes=\"auto, (max-width: 467px) 100vw, 467px\" \/>    <\/div>\n    <div class=\"qodef-banner-text-holder\" >\n\t    <div class=\"qodef-banner-text-outer\">\n\t\t    <div class=\"qodef-banner-text-inner\">\n\t\t        \t\t        \t\t\t\t\t\t\t<\/div>\n\t\t<\/div>\n\t<\/div>\n\t        <a itemprop=\"url\" class=\"qodef-banner-link\" href=\"#\" target=\"_self\"><\/a>\n    <\/div>\t\t<\/div>\n\t<\/div>\n\t<\/div><\/div><\/div><\/div><\/div><div class=\"wpb_column vc_column_container vc_col-sm-6 vc_col-lg-offset-0 vc_col-lg-3 vc_col-md-offset-0 vc_col-md-3 vc_col-sm-offset-0 vc_col-xs-12\"><div class=\"vc_column-inner vc_custom_1531208257999\"><div class=\"wpb_wrapper\"><div class=\"qodef-elements-holder   qodef-one-column  qodef-responsive-mode-768 \" ><div class=\"qodef-eh-item     \" data-item-class=\"qodef-eh-custom-2615\" data-1367-1600=\"11px 5px 8px 5px\" data-769-1024=\"11px 5px 8px 4px\" data-681-768=\"22px 4px 22px 10px\" data-680=\"0px 10px 10px 10px\">\n\t\t<div class=\"qodef-eh-item-inner\">\n\t\t<div class=\"qodef-eh-item-content qodef-eh-custom-2615\" style=\"padding: 11px 5px 8px 5px\">\n\t\t\t<div class=\"qodef-banner-holder  qodef-visible-on-default qodef-banner-info-default\">\n    <div class=\"qodef-banner-image\">\n        <img loading=\"lazy\" decoding=\"async\" width=\"467\" height=\"330\" src=\"https:\/\/www.ondasummercontest.com\/wp-content\/uploads\/2025\/06\/3-1.png\" class=\"attachment-full size-full\" alt=\"\" srcset=\"https:\/\/www.ondasummercontest.com\/wp-content\/uploads\/2025\/06\/3-1.png 467w, https:\/\/www.ondasummercontest.com\/wp-content\/uploads\/2025\/06\/3-1-300x212.png 300w, https:\/\/www.ondasummercontest.com\/wp-content\/uploads\/2025\/06\/3-1-18x12.png 18w\" sizes=\"auto, (max-width: 467px) 100vw, 467px\" \/>    <\/div>\n    <div class=\"qodef-banner-text-holder\" >\n\t    <div class=\"qodef-banner-text-outer\">\n\t\t    <div class=\"qodef-banner-text-inner\">\n\t\t        \t\t        \t\t\t\t\t\t\t<\/div>\n\t\t<\/div>\n\t<\/div>\n\t        <a itemprop=\"url\" class=\"qodef-banner-link\" href=\"#\" target=\"_self\"><\/a>\n    <\/div>\t\t<\/div>\n\t<\/div>\n\t<\/div><\/div><\/div><\/div><\/div><div class=\"wpb_column vc_column_container vc_col-sm-6 vc_col-lg-offset-0 vc_col-lg-3 vc_col-md-offset-0 vc_col-md-3 vc_col-sm-offset-0 vc_col-xs-12\"><div class=\"vc_column-inner vc_custom_1531208252944\"><div class=\"wpb_wrapper\"><div class=\"qodef-elements-holder   qodef-one-column  qodef-responsive-mode-768 \" ><div class=\"qodef-eh-item     \" data-item-class=\"qodef-eh-custom-1365\" data-1367-1600=\"11px 4px 8px 5px\" data-769-1024=\"11px 4px 8px 5px\" data-681-768=\"0px 10px 10px 10px\" data-680=\"0px 10px 10px 10px\">\n\t\t<div class=\"qodef-eh-item-inner\">\n\t\t<div class=\"qodef-eh-item-content qodef-eh-custom-1365\" style=\"padding: 11px 4px 8px 5px\">\n\t\t\t<div class=\"qodef-banner-holder  qodef-visible-on-default qodef-banner-info-default\">\n    <div class=\"qodef-banner-image\">\n        <img loading=\"lazy\" decoding=\"async\" width=\"467\" height=\"330\" src=\"https:\/\/www.ondasummercontest.com\/wp-content\/uploads\/2025\/06\/11.png\" class=\"attachment-full size-full\" alt=\"\" srcset=\"https:\/\/www.ondasummercontest.com\/wp-content\/uploads\/2025\/06\/11.png 467w, https:\/\/www.ondasummercontest.com\/wp-content\/uploads\/2025\/06\/11-300x212.png 300w, https:\/\/www.ondasummercontest.com\/wp-content\/uploads\/2025\/06\/11-18x12.png 18w\" sizes=\"auto, (max-width: 467px) 100vw, 467px\" \/>    <\/div>\n    <div class=\"qodef-banner-text-holder\" >\n\t    <div class=\"qodef-banner-text-outer\">\n\t\t    <div class=\"qodef-banner-text-inner\">\n\t\t        \t\t        \t\t\t\t\t\t\t<\/div>\n\t\t<\/div>\n\t<\/div>\n\t        <a itemprop=\"url\" class=\"qodef-banner-link\" href=\"#\" target=\"_self\"><\/a>\n    <\/div>\t\t<\/div>\n\t<\/div>\n\t<\/div><\/div><\/div><\/div><\/div><div class=\"wpb_column vc_column_container vc_col-sm-6 vc_col-lg-offset-0 vc_col-lg-3 vc_col-md-offset-0 vc_col-md-3 vc_col-sm-offset-0 vc_col-xs-12\"><div class=\"vc_column-inner vc_custom_1531208246159\"><div class=\"wpb_wrapper\"><div class=\"qodef-elements-holder   qodef-one-column  qodef-responsive-mode-768 \" ><div class=\"qodef-eh-item     \" data-item-class=\"qodef-eh-custom-2886\" data-1367-1600=\"11px 11px 10px 7px\" data-769-1024=\"11px 8px 10px 7px\" data-681-768=\"0px 18px 21px 11px\" data-680=\"0px 10px 10px 10px\">\n\t\t<div class=\"qodef-eh-item-inner\">\n\t\t<div class=\"qodef-eh-item-content qodef-eh-custom-2886\" style=\"padding: 11px 14px 10px 7px\">\n\t\t\t<div class=\"qodef-banner-holder  qodef-visible-on-default qodef-banner-info-default\">\n    <div class=\"qodef-banner-image\">\n        <img loading=\"lazy\" decoding=\"async\" width=\"467\" height=\"330\" src=\"https:\/\/www.ondasummercontest.com\/wp-content\/uploads\/2025\/06\/12.png\" class=\"attachment-full size-full\" alt=\"\" srcset=\"https:\/\/www.ondasummercontest.com\/wp-content\/uploads\/2025\/06\/12.png 467w, https:\/\/www.ondasummercontest.com\/wp-content\/uploads\/2025\/06\/12-300x212.png 300w, https:\/\/www.ondasummercontest.com\/wp-content\/uploads\/2025\/06\/12-18x12.png 18w\" sizes=\"auto, (max-width: 467px) 100vw, 467px\" \/>    <\/div>\n    <div class=\"qodef-banner-text-holder\" >\n\t    <div class=\"qodef-banner-text-outer\">\n\t\t    <div class=\"qodef-banner-text-inner\">\n\t\t        \t\t        \t\t\t\t\t\t\t<\/div>\n\t\t<\/div>\n\t<\/div>\n\t        <a itemprop=\"url\" class=\"qodef-banner-link\" href=\"#\" target=\"_self\"><\/a>\n    <\/div>\t\t<\/div>\n\t<\/div>\n\t<\/div><\/div><\/div><\/div><\/div><\/div><div class=\"qodef-row-grid-section-wrapper \"  ><div class=\"qodef-row-grid-section\"><div class=\"vc_row wpb_row vc_row-fluid vc_custom_1529333339392\" ><div class=\"wpb_column vc_column_container vc_col-sm-12 vc_col-lg-offset-0 vc_col-lg-3 vc_col-md-offset-0 vc_col-md-6 vc_col-sm-offset-0 vc_col-xs-12\"><div class=\"vc_column-inner\"><div class=\"wpb_wrapper\"><div class=\"qodef-elements-holder   qodef-one-column  qodef-responsive-mode-768 \" ><div class=\"qodef-eh-item     \" data-item-class=\"qodef-eh-custom-9336\" data-1367-1600=\"67px 0px 0px 0px\" data-1025-1366=\"67px 0px 0px 0px\" data-769-1024=\"67px 0px 65px 0px\">\n\t\t<div class=\"qodef-eh-item-inner\">\n\t\t<div class=\"qodef-eh-item-content qodef-eh-custom-9336\" style=\"padding: 67px 0px 0px 0px\">\n\t\t\t<div class=\"qodef-section-title-holder   qodef-st-title-left qodef-st-normal-space qodef-st-with-animation\" >\n\t<div class=\"qodef-st-inner\">\n\t\t\t\t\t<span class=\"qodef-st-tagline\" >\n\t\t\t\tThe_OSC_Experience\t\t\t<\/span>\n\t\t\t\t\t\t\t<div class=\"qodef-st-title-wrapper\">\n\t\t\t\t<h2 class=\"qodef-st-title\" >\n\t\t\t\t\tEl Evento del A\u00f1o en Espa\u00f1a\t\t\t\t<\/h2>\n\t\t\t<\/div>\n\t\t\t\t\t<\/div>\n<\/div><div class=\"vc_empty_space\"   style=\"height: 18px\"><span class=\"vc_empty_space_inner\"><\/span><\/div>\n\t<div class=\"wpb_text_column wpb_content_element\" >\n\t\t<div class=\"wpb_wrapper\">\n\t\t\t<p>La Onda Summer Contest ha sido, por una d\u00e9cada, el evento del a\u00f1o en Espa\u00f1a. Esto es m\u00e1s que una competici\u00f3n, es una experiencia que no puede ser contada, tienes que venir y vivirlo. 3 d\u00edas de camping, juegos, patinaje y amistad donde lo m\u00e1s importante es recordar que amamos lo que hacemos.<\/p>\n\n\t\t<\/div>\n\t<\/div>\n\t\t<\/div>\n\t<\/div>\n\t<\/div><\/div><\/div><\/div><\/div><div class=\"wpb_column vc_column_container vc_col-sm-12 vc_col-lg-offset-0 vc_col-lg-3 vc_col-md-offset-0 vc_col-md-6 vc_col-sm-offset-0 vc_col-xs-12\"><div class=\"vc_column-inner\"><div class=\"wpb_wrapper\"><div class=\"qodef-elements-holder   qodef-one-column  qodef-responsive-mode-768 \" ><div class=\"qodef-eh-item     \" data-item-class=\"qodef-eh-custom-8863\" data-1367-1600=\"209px 0px 0px 0px\" data-1025-1366=\"209px 0px 0px 0px\" data-769-1024=\"209px 0px 0px 0px\">\n\t\t<div class=\"qodef-eh-item-inner\">\n\t\t<div class=\"qodef-eh-item-content qodef-eh-custom-8863\" style=\"padding: 209px 0px 0px 0px\">\n\t\t\t\n\t<div class=\"wpb_text_column wpb_content_element\" >\n\t\t<div class=\"wpb_wrapper\">\n\t\t\t<p>No hay otro evento que haya capturado la esencia del patinaje en este pa\u00eds como la Onda Summer Contest.<\/p>\n\n\t\t<\/div>\n\t<\/div>\n\t\t<\/div>\n\t<\/div>\n\t<\/div><\/div><\/div><\/div><\/div><div class=\"wpb_column vc_column_container vc_col-sm-12 vc_col-lg-offset-0 vc_col-lg-6 vc_col-md-offset-0 vc_col-md-12 vc_col-sm-offset-0 vc_col-xs-12\"><div class=\"vc_column-inner\"><div class=\"wpb_wrapper\"><div class=\"qodef-single-image-holder   \">\n    <div class=\"qodef-si-inner\" >\n                                    <img loading=\"lazy\" decoding=\"async\" width=\"600\" height=\"800\" src=\"https:\/\/www.ondasummercontest.com\/wp-content\/uploads\/2025\/06\/24.png\" class=\"attachment-large size-large\" alt=\"\" srcset=\"https:\/\/www.ondasummercontest.com\/wp-content\/uploads\/2025\/06\/24.png 600w, https:\/\/www.ondasummercontest.com\/wp-content\/uploads\/2025\/06\/24-225x300.png 225w, https:\/\/www.ondasummercontest.com\/wp-content\/uploads\/2025\/06\/24-9x12.png 9w\" sizes=\"auto, (max-width: 600px) 100vw, 600px\" \/>                        <\/div>\n<\/div><\/div><\/div><\/div><\/div><\/div><\/div><div class=\"vc_row wpb_row vc_row-fluid\" ><div class=\"wpb_column vc_column_container vc_col-sm-12\"><div class=\"vc_column-inner vc_custom_1529055021087\"><div class=\"wpb_wrapper\"><div  class=\"wpb_widgetised_column wpb_content_element\">\n\t\t<div class=\"wpb_wrapper\">\n\t\t\t\n\t\t\t\n\t\t<\/div>\n\t<\/div>\n<\/div><\/div><\/div><\/div>\n<\/div>","protected":false},"excerpt":{"rendered":"The_OSC_Experience El Evento del A\u00f1o en Espa\u00f1a La Onda Summer Contest ha sido, por una d\u00e9cada, el evento del a\u00f1o en Espa\u00f1a. Esto es m\u00e1s que una competici\u00f3n, es una experiencia que no puede ser contada, tienes que venir y vivirlo. 3 d\u00edas de camping, juegos, patinaje y amistad donde lo m\u00e1s importante es recordar que amamos lo que hacemos. No hay otro evento que haya capturado la esencia del patinaje en este pa\u00eds como la Onda Summer Contest.","protected":false},"author":1,"featured_media":0,"parent":0,"menu_order":0,"comment_status":"closed","ping_status":"closed","template":"full-width.php","meta":{"footnotes":""},"class_list":["post-572","page","type-page","status-publish","hentry"],"_links":{"self":[{"href":"https:\/\/www.ondasummercontest.com\/index.php\/wp-json\/wp\/v2\/pages\/572","targetHints":{"allow":["GET"]}}],"collection":[{"href":"https:\/\/www.ondasummercontest.com\/index.php\/wp-json\/wp\/v2\/pages"}],"about":[{"href":"https:\/\/www.ondasummercontest.com\/index.php\/wp-json\/wp\/v2\/types\/page"}],"author":[{"embeddable":true,"href":"https:\/\/www.ondasummercontest.com\/index.php\/wp-json\/wp\/v2\/users\/1"}],"replies":[{"embeddable":true,"href":"https:\/\/www.ondasummercontest.com\/index.php\/wp-json\/wp\/v2\/comments?post=572"}],"version-history":[{"count":8,"href":"https:\/\/www.ondasummercontest.com\/index.php\/wp-json\/wp\/v2\/pages\/572\/revisions"}],"predecessor-version":[{"id":3898,"href":"https:\/\/www.ondasummercontest.com\/index.php\/wp-json\/wp\/v2\/pages\/572\/revisions\/3898"}],"wp:attachment":[{"href":"https:\/\/www.ondasummercontest.com\/index.php\/wp-json\/wp\/v2\/media?parent=572"}],"curies":[{"name":"wp","href":"https:\/\/api.w.org\/{rel}","templated":true}]}}